{"id":1991,"date":"2024-12-24T00:39:53","date_gmt":"2024-12-24T00:39:53","guid":{"rendered":"https:\/\/zqr.oqp.mybluehost.me\/website_14ab7cf1\/about\/"},"modified":"2025-12-03T16:34:07","modified_gmt":"2025-12-03T23:34:07","slug":"about","status":"publish","type":"page","link":"https:\/\/coloradopropertyfinders.com\/es\/about\/","title":{"rendered":"Acerca de"},"content":{"rendered":"<div class=\"wp-block-uagb-container uagb-block-936e002d alignfull uagb-is-root-container\"><div class=\"uagb-container-inner-blocks-wrap\">\n<div class=\"wp-block-uagb-advanced-heading uagb-block-f30a426a\"><h1 class=\"uagb-heading-text\">Sobre mi<\/h1><\/div>\n<\/div><\/div>\n\n\n\n<div class=\"wp-block-uagb-container uagb-block-5d3510fd alignfull uagb-is-root-container\"><div class=\"uagb-container-inner-blocks-wrap\">\n<div class=\"wp-block-uagb-container uagb-block-8b7dea6f\">\n<div class=\"wp-block-uagb-container uagb-block-ad60dde6\">\n<div class=\"wp-block-uagb-container uagb-block-89e6f4b8\">\n<h2 class=\"wp-block-heading has-text-align-center has-ast-global-color-6-color has-ast-global-color-4-background-color has-text-color has-background has-link-color wp-elements-a2a84274d9ca11d10e69400907f7794c\">Mi historia<\/h2>\n\n\n\n<div class=\"wp-block-uagb-image uagb-block-ee3798c4 wp-block-uagb-image--layout-default wp-block-uagb-image--effect-static wp-block-uagb-image--align-none\"><figure class=\"wp-block-uagb-image__figure\"><img data-recalc-dims=\"1\" loading=\"lazy\" decoding=\"async\" srcset=\"https:\/\/coloradopropertyfinders.com\/wp-content\/uploads\/2025\/09\/VN-Colorado-Agent-1024x1024.png ,https:\/\/coloradopropertyfinders.com\/wp-content\/uploads\/2025\/09\/VN-Colorado-Agent.png 780w, https:\/\/coloradopropertyfinders.com\/wp-content\/uploads\/2025\/09\/VN-Colorado-Agent.png 360w\" sizes=\"auto, (max-width: 480px) 150px\" src=\"https:\/\/i0.wp.com\/coloradopropertyfinders.com\/wp-content\/uploads\/2025\/09\/VN-Colorado-Agent.png?resize=1024%2C1024&#038;ssl=1\" alt=\"\" class=\"uag-image-3145\" width=\"1024\" height=\"1024\" title=\"VN Colorado Agent\" role=\"img\"\/><\/figure><\/div>\n\n\n\n<p class=\"has-text-align-center has-ast-global-color-5-color has-text-color has-background has-link-color wp-elements-d50c5b40df0cc626b5313d6e6f9299bd\" style=\"background-color:#1c3a53\"><strong>Viv\u00ed en carne propia el estr\u00e9s de mudarme \u2014 y encontr\u00e9 una mejor manera de hacerlo.<\/strong><br>De esa experiencia naci\u00f3 el EZ Swap Method. Aqu\u00ed te cuento c\u00f3mo empez\u00f3 todo.<\/p>\n\n\n\n<p class=\"has-text-align-center\">Nac\u00ed en Victoria, una ciudad peque\u00f1a en Argentina, y crec\u00ed en Paran\u00e1, la capital de la provincia. Mudarnos cuando era tan chica me ense\u00f1\u00f3 algo que en ese momento no sab\u00eda poner en palabras. Un hogar no es solo un lugar. Es comodidad, seguridad y pertenencia. Es donde crecemos y nos convertimos en quienes somos. Ese sentimiento me acompa\u00f1\u00f3 toda la vida.<\/p>\n\n\n\n<p class=\"\">A lo largo de los a\u00f1os, constru\u00ed una carrera que combinaba negocios, creatividad y un crecimiento constante. Emprend\u00ed en Argentina y en Estados Unidos, y tambi\u00e9n constru\u00ed una carrera s\u00f3lida en el mundo corporativo estadounidense, trabajando en capacitaci\u00f3n, desarrollo de negocios y marketing. Durante mucho tiempo sent\u00ed que estaba avanzando en la direcci\u00f3n correcta. Hasta que la vida cambi\u00f3 de manera inesperada.<\/p>\n\n\n\n<p class=\"\">Cuando estaba embarazada de mi tercera hija, la empresa anunci\u00f3 una reestructuraci\u00f3n y mi equipo qued\u00f3 fuera. De un d\u00eda para el otro me encontr\u00e9 sin trabajo. Fue un golpe duro y me tom\u00f3 tiempo asimilarlo, pero tambi\u00e9n me permiti\u00f3 detenerme y pensar qu\u00e9 tipo de vida quer\u00eda construir para mi familia y para m\u00ed.<\/p>\n\n\n\n<p class=\"\">La respuesta fue clara. Quer\u00eda prop\u00f3sito, flexibilidad y un trabajo que realmente ayudara a personas que estaban atravesando cambios importantes en sus vidas.<\/p>\n\n\n\n<p class=\"\">El mundo inmobiliario siempre me llam\u00f3 la atenci\u00f3n, y eso se intensific\u00f3 con la compra de nuestra \u00faltima casa. Fue un proceso emocional, intenso y transformador, y me mostr\u00f3 el papel que un hogar puede tener en la historia de una familia. As\u00ed que segu\u00ed ese impulso. Estudi\u00e9, obtuve mi licencia y empec\u00e9 desde cero, con determinaci\u00f3n y la confianza de que pod\u00eda acompa\u00f1ar a otros en un proceso que yo misma hab\u00eda vivido.<\/p>\n\n\n\n<p class=\"\">Los primeros meses fueron desafiantes. Hice llamadas, toqu\u00e9 puertas y organic\u00e9 open houses siempre que pod\u00eda. Sal\u00ed por completo de mi zona de confort, pero segu\u00ed adelante porque me encantaba el trabajo y, sobre todo, el impacto que ten\u00eda en la gente que ayudaba.<\/p>\n\n\n\n<p class=\"\">Hoy, ese recorrido define la forma en que acompa\u00f1o a mis clientes.<\/p>\n\n\n\n<p class=\"\">Ayudo a personas que llevan un ritmo de vida exigente y quieren mejorar su estilo de vida sin pasar por un proceso estresante. Yo tambi\u00e9n viv\u00ed las jornadas largas, la presi\u00f3n y el equilibrio constante entre trabajo y familia, y por eso s\u00e9 lo valioso que es tener un plan claro, estrat\u00e9gico y sencillo. Por eso cre\u00e9 el <strong>M\u00e9todo EZ Swap<\/strong>, una forma inteligente y organizada de vender y comprar con confianza y tranquilidad.<\/p>\n\n\n\n<p class=\"\">Trabajo con coraz\u00f3n, integridad y estrategia. No desaparezco cuando las cosas se complican. Gu\u00edo de la misma manera en que vivo, como mam\u00e1, como esposa y como alguien que ha atravesado transiciones importantes.<\/p>\n\n\n\n<p class=\"has-text-align-center\">Si est\u00e1s listo para un hogar que refleje qui\u00e9n eres hoy y qui\u00e9n est\u00e1s por convertirte, estoy aqu\u00ed para acompa\u00f1arte ese paso con m\u00e1s claridad, m\u00e1s calma y mucha m\u00e1s confianza.<\/p>\n<\/div>\n<\/div>\n<\/div>\n\n\n\n<div class=\"wp-block-uagb-container uagb-block-39ecfef8\">\n<ul class=\"is-style-logos-only wp-block-social-links aligncenter is-nowrap is-layout-flex wp-container-core-social-links-is-layout-6c531013 wp-block-social-links-is-layout-flex\">\n\n\n\n\n\n\n\n\n\n<\/ul>\n\n\n\n<div class=\"wp-block-uagb-container uagb-block-81bded36\">\n<div class=\"wp-block-buttons alignwide is-content-justification-center is-layout-flex wp-container-core-buttons-is-layout-a89b3969 wp-block-buttons-is-layout-flex\">\n<div class=\"wp-block-button\"><a class=\"wp-block-button__link has-text-color has-background has-link-color has-text-align-center wp-element-button\" href=\"https:\/\/links.coloradopropertyfinders.com\/booking\/valeria-navoni\" style=\"color:#f5f4ef;background-color:#b24c3a\">Reservar cita<\/a><\/div>\n<\/div>\n<\/div>\n<\/div>\n\n\n\n<div class=\"wp-block-uagb-container uagb-block-ca8e9725\"><\/div>\n\n\n\n<p class=\"has-text-align-center\">Valeria Navoni | Agente inmobiliario | Licencia ID: FA.100105323<\/p>\n<\/div><\/div>\n\n\n\n<div class=\"wp-block-uagb-container uagb-block-30965029 alignfull uagb-is-root-container\"><div class=\"uagb-container-inner-blocks-wrap\"><\/div><\/div>\n\n\n\n<div class=\"nfd-container nfd-p-lg nfd-theme-white nfd-bg-surface nfd-wb-faq__faq-2 is-style-nfd-theme-white wp-block-group is-layout-constrained wp-block-group-is-layout-constrained\">\n<div style=\"height:0px\" aria-hidden=\"true\" class=\"wp-block-spacer\"><\/div>\n\n\n\n<div class=\"nfd-container wp-block-group is-layout-constrained wp-container-core-group-is-layout-f36bc466 wp-block-group-is-layout-constrained\">\n<div class=\"nfd-p-card-md nfd-gap-xl nfd-shadow-xs  nfd-rounded is-style-nfd-theme-light wp-block-group nfd-bg-effect-dots is-content-justification-space-between is-layout-flex wp-container-core-group-is-layout-9366075c wp-block-group-is-layout-flex\">\n<div class=\"nfd-gap-md wp-block-group is-layout-flex wp-block-group-is-layout-flex\">\n<figure class=\"is-style-rounded wp-block-image size-large is-resized\"><img data-recalc-dims=\"1\" fetchpriority=\"high\" decoding=\"async\" width=\"768\" height=\"1024\" src=\"https:\/\/i0.wp.com\/coloradopropertyfinders.com\/wp-content\/uploads\/2024\/12\/ProfilePic2.jpg?resize=768%2C1024&#038;ssl=1\" alt=\"Val's profile picture\" class=\"wp-image-2132\" style=\"object-fit:cover;width:69px;height:auto\" srcset=\"https:\/\/i0.wp.com\/coloradopropertyfinders.com\/wp-content\/uploads\/2024\/12\/ProfilePic2-scaled.jpg?resize=768%2C1024&amp;ssl=1 768w, https:\/\/i0.wp.com\/coloradopropertyfinders.com\/wp-content\/uploads\/2024\/12\/ProfilePic2-scaled.jpg?resize=225%2C300&amp;ssl=1 225w, https:\/\/i0.wp.com\/coloradopropertyfinders.com\/wp-content\/uploads\/2024\/12\/ProfilePic2-scaled.jpg?resize=1152%2C1536&amp;ssl=1 1152w, https:\/\/i0.wp.com\/coloradopropertyfinders.com\/wp-content\/uploads\/2024\/12\/ProfilePic2-scaled.jpg?resize=1536%2C2048&amp;ssl=1 1536w, https:\/\/i0.wp.com\/coloradopropertyfinders.com\/wp-content\/uploads\/2024\/12\/ProfilePic2-scaled.jpg?w=1920&amp;ssl=1 1920w\" sizes=\"(max-width: 768px) 100vw, 768px\" \/><\/figure>\n\n\n\n<div class=\"nfd-gap-0 wp-block-group is-vertical is-layout-flex wp-container-core-group-is-layout-fe9cc265 wp-block-group-is-layout-flex\">\n<p class=\"nfd-text-md\" style=\"font-style:normal;font-weight:600\">Have some questions?<\/p>\n\n\n\n<p class=\"nfd-text-base nfd-text-faded\">Estoy aqu\u00ed para ayudarte. \u00a1Hablemos!<\/p>\n<\/div>\n<\/div>\n\n\n\n<div class=\"wp-block-buttons is-layout-flex wp-block-buttons-is-layout-flex\">\n<div class=\"nfd-btn-wide  wp-block-button\"><a class=\"wp-block-button__link wp-element-button\" href=\"https:\/\/links.coloradopropertyfinders.com\/booking\/valeria-navoni\">Hablemos<\/a><\/div>\n<\/div>\n<\/div>\n<\/div>\n<\/div>\n\n\n\n<p class=\"\"><\/p>","protected":false},"excerpt":{"rendered":"<p>About Me My Story I\u2019ve lived the overwhelm of moving\u2014and found a better way through it.The EZ Swap Method started [&hellip;]<\/p>\n","protected":false},"author":1,"featured_media":0,"parent":0,"menu_order":0,"comment_status":"closed","ping_status":"closed","template":"","meta":{"nf_dc_page":"","_uag_custom_page_level_css":"","site-sidebar-layout":"no-sidebar","site-content-layout":"plain-container","ast-site-content-layout":"normal-width-container","site-content-style":"unboxed","site-sidebar-style":"unboxed","ast-global-header-display":"","ast-banner-title-visibility":"","ast-main-header-display":"","ast-hfb-above-header-display":"","ast-hfb-below-header-display":"","ast-hfb-mobile-header-display":"","site-post-title":"disabled","ast-breadcrumbs-content":"","ast-featured-img":"","footer-sml-layout":"","ast-disable-related-posts":"","theme-transparent-header-meta":"default","adv-header-id-meta":"","stick-header-meta":"","header-above-stick-meta":"","header-main-stick-meta":"","header-below-stick-meta":"","astra-migrate-meta-layouts":"set","ast-page-background-enabled":"default","ast-page-background-meta":{"desktop":{"background-color":"var(--ast-global-color-4)","background-image":"","background-repeat":"repeat","background-position":"center center","background-size":"auto","background-attachment":"scroll","background-type":"","background-media":"","overlay-type":"","overlay-color":"","overlay-opacity":"","overlay-gradient":""},"tablet":{"background-color":"","background-image":"","background-repeat":"repeat","background-position":"center center","background-size":"auto","background-attachment":"scroll","background-type":"","background-media":"","overlay-type":"","overlay-color":"","overlay-opacity":"","overlay-gradient":""},"mobile":{"background-color":"","background-image":"","background-repeat":"repeat","background-position":"center center","background-size":"auto","background-attachment":"scroll","background-type":"","background-media":"","overlay-type":"","overlay-color":"","overlay-opacity":"","overlay-gradient":""}},"ast-content-background-meta":{"desktop":{"background-color":"var(--ast-global-color-5)","background-image":"","background-repeat":"repeat","background-position":"center center","background-size":"auto","background-attachment":"scroll","background-type":"","background-media":"","overlay-type":"","overlay-color":"","overlay-opacity":"","overlay-gradient":""},"tablet":{"background-color":"var(--ast-global-color-5)","background-image":"","background-repeat":"repeat","background-position":"center center","background-size":"auto","background-attachment":"scroll","background-type":"","background-media":"","overlay-type":"","overlay-color":"","overlay-opacity":"","overlay-gradient":""},"mobile":{"background-color":"var(--ast-global-color-5)","background-image":"","background-repeat":"repeat","background-position":"center center","background-size":"auto","background-attachment":"scroll","background-type":"","background-media":"","overlay-type":"","overlay-color":"","overlay-opacity":"","overlay-gradient":""}},"_mbp_gutenberg_autopost":false,"jetpack_post_was_ever_published":false,"footnotes":""},"class_list":["post-1991","page","type-page","status-publish","hentry"],"yoast_head":"<!-- This site is optimized with the Yoast SEO plugin v27.4 - https:\/\/yoast.com\/product\/yoast-seo-wordpress\/ -->\n<title>About - Valeria Navoni<\/title>\n<meta name=\"robots\" content=\"index, follow, max-snippet:-1, max-image-preview:large, max-video-preview:-1\" \/>\n<link rel=\"canonical\" href=\"https:\/\/coloradopropertyfinders.com\/es\/about\/\" \/>\n<meta property=\"og:locale\" content=\"es_MX\" \/>\n<meta property=\"og:type\" content=\"article\" \/>\n<meta property=\"og:title\" content=\"About - Valeria Navoni\" \/>\n<meta property=\"og:description\" content=\"About Me My Story I\u2019ve lived the overwhelm of moving\u2014and found a better way through it.The EZ Swap Method started [&hellip;]\" \/>\n<meta property=\"og:url\" content=\"https:\/\/coloradopropertyfinders.com\/es\/about\/\" \/>\n<meta property=\"og:site_name\" content=\"Valeria Navoni\" \/>\n<meta property=\"article:publisher\" content=\"https:\/\/www.facebook.com\/navonihomes\/\" \/>\n<meta property=\"article:modified_time\" content=\"2025-12-03T23:34:07+00:00\" \/>\n<meta property=\"og:image\" content=\"https:\/\/coloradopropertyfinders.com\/wp-content\/uploads\/2025\/09\/VN-Colorado-Agent-1024x1024.png\" \/>\n<meta name=\"twitter:card\" content=\"summary_large_image\" \/>\n<meta name=\"twitter:label1\" content=\"Tiempo de lectura\" \/>\n\t<meta name=\"twitter:data1\" content=\"3 minutos\" \/>\n<script type=\"application\/ld+json\" class=\"yoast-schema-graph\">{\"@context\":\"https:\\\/\\\/schema.org\",\"@graph\":[{\"@type\":\"WebPage\",\"@id\":\"https:\\\/\\\/coloradopropertyfinders.com\\\/about\\\/\",\"url\":\"https:\\\/\\\/coloradopropertyfinders.com\\\/about\\\/\",\"name\":\"About - Valeria Navoni\",\"isPartOf\":{\"@id\":\"https:\\\/\\\/zqr.oqp.mybluehost.me\\\/website_14ab7cf1\\\/#website\"},\"primaryImageOfPage\":{\"@id\":\"https:\\\/\\\/coloradopropertyfinders.com\\\/about\\\/#primaryimage\"},\"image\":{\"@id\":\"https:\\\/\\\/coloradopropertyfinders.com\\\/about\\\/#primaryimage\"},\"thumbnailUrl\":\"https:\\\/\\\/coloradopropertyfinders.com\\\/wp-content\\\/uploads\\\/2025\\\/09\\\/VN-Colorado-Agent-1024x1024.png\",\"datePublished\":\"2024-12-24T00:39:53+00:00\",\"dateModified\":\"2025-12-03T23:34:07+00:00\",\"breadcrumb\":{\"@id\":\"https:\\\/\\\/coloradopropertyfinders.com\\\/about\\\/#breadcrumb\"},\"inLanguage\":\"es\",\"potentialAction\":[{\"@type\":\"ReadAction\",\"target\":[\"https:\\\/\\\/coloradopropertyfinders.com\\\/about\\\/\"]}]},{\"@type\":\"ImageObject\",\"inLanguage\":\"es\",\"@id\":\"https:\\\/\\\/coloradopropertyfinders.com\\\/about\\\/#primaryimage\",\"url\":\"https:\\\/\\\/coloradopropertyfinders.com\\\/wp-content\\\/uploads\\\/2025\\\/09\\\/VN-Colorado-Agent-1024x1024.png\",\"contentUrl\":\"https:\\\/\\\/coloradopropertyfinders.com\\\/wp-content\\\/uploads\\\/2025\\\/09\\\/VN-Colorado-Agent-1024x1024.png\"},{\"@type\":\"BreadcrumbList\",\"@id\":\"https:\\\/\\\/coloradopropertyfinders.com\\\/about\\\/#breadcrumb\",\"itemListElement\":[{\"@type\":\"ListItem\",\"position\":1,\"name\":\"Home\",\"item\":\"https:\\\/\\\/coloradopropertyfinders.com\\\/\"},{\"@type\":\"ListItem\",\"position\":2,\"name\":\"About\"}]},{\"@type\":\"WebSite\",\"@id\":\"https:\\\/\\\/zqr.oqp.mybluehost.me\\\/website_14ab7cf1\\\/#website\",\"url\":\"https:\\\/\\\/zqr.oqp.mybluehost.me\\\/website_14ab7cf1\\\/\",\"name\":\"Valeria Navoni\",\"description\":\"\",\"publisher\":{\"@id\":\"https:\\\/\\\/zqr.oqp.mybluehost.me\\\/website_14ab7cf1\\\/#\\\/schema\\\/person\\\/3e41481a12255f26986cba19ea6fbb2c\"},\"potentialAction\":[{\"@type\":\"SearchAction\",\"target\":{\"@type\":\"EntryPoint\",\"urlTemplate\":\"https:\\\/\\\/zqr.oqp.mybluehost.me\\\/website_14ab7cf1\\\/?s={search_term_string}\"},\"query-input\":{\"@type\":\"PropertyValueSpecification\",\"valueRequired\":true,\"valueName\":\"search_term_string\"}}],\"inLanguage\":\"es\"},{\"@type\":[\"Person\",\"Organization\"],\"@id\":\"https:\\\/\\\/zqr.oqp.mybluehost.me\\\/website_14ab7cf1\\\/#\\\/schema\\\/person\\\/3e41481a12255f26986cba19ea6fbb2c\",\"name\":\"Valeria Navoni\",\"image\":{\"@type\":\"ImageObject\",\"inLanguage\":\"es\",\"@id\":\"https:\\\/\\\/i0.wp.com\\\/coloradopropertyfinders.com\\\/wp-content\\\/uploads\\\/2025\\\/12\\\/MEGASTAR-REALTY-ISOLOGO-scaled.png?fit=2560%2C1060&ssl=1\",\"url\":\"https:\\\/\\\/i0.wp.com\\\/coloradopropertyfinders.com\\\/wp-content\\\/uploads\\\/2025\\\/12\\\/MEGASTAR-REALTY-ISOLOGO-scaled.png?fit=2560%2C1060&ssl=1\",\"contentUrl\":\"https:\\\/\\\/i0.wp.com\\\/coloradopropertyfinders.com\\\/wp-content\\\/uploads\\\/2025\\\/12\\\/MEGASTAR-REALTY-ISOLOGO-scaled.png?fit=2560%2C1060&ssl=1\",\"width\":2560,\"height\":1060,\"caption\":\"Valeria Navoni\"},\"logo\":{\"@id\":\"https:\\\/\\\/i0.wp.com\\\/coloradopropertyfinders.com\\\/wp-content\\\/uploads\\\/2025\\\/12\\\/MEGASTAR-REALTY-ISOLOGO-scaled.png?fit=2560%2C1060&ssl=1\"},\"description\":\"Valeria Navoni is a bilingual Realtor\u00ae fluent in English and Spanish, serving the South Metro Denver, Denver, and Aurora areas. With a background in sales, marketing, and negotiation, Valeria is committed to helping her clients navigate the real estate process with ease and confidence. Her approach is personalized, focused on building long-term relationships and exceeding expectations. Whether buying, selling, or investing, Valeria is your trusted ally in achieving your real estate goals.\",\"sameAs\":[\"http:\\\/\\\/www.coloradopropertyfinders.com\",\"https:\\\/\\\/www.facebook.com\\\/navonihomes\\\/\",\"https:\\\/\\\/www.instagram.com\\\/valeria.navoni\",\"https:\\\/\\\/www.linkedin.com\\\/in\\\/valeria-navoni\\\/\",\"https:\\\/\\\/www.youtube.com\\\/channel\\\/UCl97QzVYQGR0JddizlqQZxQ\"]}]}<\/script>\n<!-- \/ Yoast SEO plugin. -->","yoast_head_json":{"title":"About - Valeria Navoni","robots":{"index":"index","follow":"follow","max-snippet":"max-snippet:-1","max-image-preview":"max-image-preview:large","max-video-preview":"max-video-preview:-1"},"canonical":"https:\/\/coloradopropertyfinders.com\/es\/about\/","og_locale":"es_MX","og_type":"article","og_title":"About - Valeria Navoni","og_description":"About Me My Story I\u2019ve lived the overwhelm of moving\u2014and found a better way through it.The EZ Swap Method started [&hellip;]","og_url":"https:\/\/coloradopropertyfinders.com\/es\/about\/","og_site_name":"Valeria Navoni","article_publisher":"https:\/\/www.facebook.com\/navonihomes\/","article_modified_time":"2025-12-03T23:34:07+00:00","og_image":[{"url":"https:\/\/coloradopropertyfinders.com\/wp-content\/uploads\/2025\/09\/VN-Colorado-Agent-1024x1024.png","type":"","width":"","height":""}],"twitter_card":"summary_large_image","twitter_misc":{"Tiempo de lectura":"3 minutos"},"schema":{"@context":"https:\/\/schema.org","@graph":[{"@type":"WebPage","@id":"https:\/\/coloradopropertyfinders.com\/about\/","url":"https:\/\/coloradopropertyfinders.com\/about\/","name":"About - Valeria Navoni","isPartOf":{"@id":"https:\/\/zqr.oqp.mybluehost.me\/website_14ab7cf1\/#website"},"primaryImageOfPage":{"@id":"https:\/\/coloradopropertyfinders.com\/about\/#primaryimage"},"image":{"@id":"https:\/\/coloradopropertyfinders.com\/about\/#primaryimage"},"thumbnailUrl":"https:\/\/coloradopropertyfinders.com\/wp-content\/uploads\/2025\/09\/VN-Colorado-Agent-1024x1024.png","datePublished":"2024-12-24T00:39:53+00:00","dateModified":"2025-12-03T23:34:07+00:00","breadcrumb":{"@id":"https:\/\/coloradopropertyfinders.com\/about\/#breadcrumb"},"inLanguage":"es","potentialAction":[{"@type":"ReadAction","target":["https:\/\/coloradopropertyfinders.com\/about\/"]}]},{"@type":"ImageObject","inLanguage":"es","@id":"https:\/\/coloradopropertyfinders.com\/about\/#primaryimage","url":"https:\/\/coloradopropertyfinders.com\/wp-content\/uploads\/2025\/09\/VN-Colorado-Agent-1024x1024.png","contentUrl":"https:\/\/coloradopropertyfinders.com\/wp-content\/uploads\/2025\/09\/VN-Colorado-Agent-1024x1024.png"},{"@type":"BreadcrumbList","@id":"https:\/\/coloradopropertyfinders.com\/about\/#breadcrumb","itemListElement":[{"@type":"ListItem","position":1,"name":"Home","item":"https:\/\/coloradopropertyfinders.com\/"},{"@type":"ListItem","position":2,"name":"About"}]},{"@type":"WebSite","@id":"https:\/\/zqr.oqp.mybluehost.me\/website_14ab7cf1\/#website","url":"https:\/\/zqr.oqp.mybluehost.me\/website_14ab7cf1\/","name":"Valeria Navoni","description":"","publisher":{"@id":"https:\/\/zqr.oqp.mybluehost.me\/website_14ab7cf1\/#\/schema\/person\/3e41481a12255f26986cba19ea6fbb2c"},"potentialAction":[{"@type":"SearchAction","target":{"@type":"EntryPoint","urlTemplate":"https:\/\/zqr.oqp.mybluehost.me\/website_14ab7cf1\/?s={search_term_string}"},"query-input":{"@type":"PropertyValueSpecification","valueRequired":true,"valueName":"search_term_string"}}],"inLanguage":"es"},{"@type":["Person","Organization"],"@id":"https:\/\/zqr.oqp.mybluehost.me\/website_14ab7cf1\/#\/schema\/person\/3e41481a12255f26986cba19ea6fbb2c","name":"Valeria Navoni","image":{"@type":"ImageObject","inLanguage":"es","@id":"https:\/\/i0.wp.com\/coloradopropertyfinders.com\/wp-content\/uploads\/2025\/12\/MEGASTAR-REALTY-ISOLOGO-scaled.png?fit=2560%2C1060&ssl=1","url":"https:\/\/i0.wp.com\/coloradopropertyfinders.com\/wp-content\/uploads\/2025\/12\/MEGASTAR-REALTY-ISOLOGO-scaled.png?fit=2560%2C1060&ssl=1","contentUrl":"https:\/\/i0.wp.com\/coloradopropertyfinders.com\/wp-content\/uploads\/2025\/12\/MEGASTAR-REALTY-ISOLOGO-scaled.png?fit=2560%2C1060&ssl=1","width":2560,"height":1060,"caption":"Valeria Navoni"},"logo":{"@id":"https:\/\/i0.wp.com\/coloradopropertyfinders.com\/wp-content\/uploads\/2025\/12\/MEGASTAR-REALTY-ISOLOGO-scaled.png?fit=2560%2C1060&ssl=1"},"description":"Valeria Navoni is a bilingual Realtor\u00ae fluent in English and Spanish, serving the South Metro Denver, Denver, and Aurora areas. With a background in sales, marketing, and negotiation, Valeria is committed to helping her clients navigate the real estate process with ease and confidence. Her approach is personalized, focused on building long-term relationships and exceeding expectations. Whether buying, selling, or investing, Valeria is your trusted ally in achieving your real estate goals.","sameAs":["http:\/\/www.coloradopropertyfinders.com","https:\/\/www.facebook.com\/navonihomes\/","https:\/\/www.instagram.com\/valeria.navoni","https:\/\/www.linkedin.com\/in\/valeria-navoni\/","https:\/\/www.youtube.com\/channel\/UCl97QzVYQGR0JddizlqQZxQ"]}]}},"uagb_featured_image_src":{"full":false,"thumbnail":false,"medium":false,"medium_large":false,"large":false,"1536x1536":false,"2048x2048":false,"trp-custom-language-flag":false,"pgmb-post-image":false},"uagb_author_info":{"display_name":"Valeria Navoni","author_link":"https:\/\/coloradopropertyfinders.com\/es\/author\/vnavoni\/"},"uagb_comment_info":0,"uagb_excerpt":"About Me My Story I\u2019ve lived the overwhelm of moving\u2014and found a better way through it.The EZ Swap Method started [&hellip;]","jetpack_sharing_enabled":true,"jetpack_likes_enabled":true,"_links":{"self":[{"href":"https:\/\/coloradopropertyfinders.com\/es\/wp-json\/wp\/v2\/pages\/1991","targetHints":{"allow":["GET"]}}],"collection":[{"href":"https:\/\/coloradopropertyfinders.com\/es\/wp-json\/wp\/v2\/pages"}],"about":[{"href":"https:\/\/coloradopropertyfinders.com\/es\/wp-json\/wp\/v2\/types\/page"}],"author":[{"embeddable":true,"href":"https:\/\/coloradopropertyfinders.com\/es\/wp-json\/wp\/v2\/users\/1"}],"replies":[{"embeddable":true,"href":"https:\/\/coloradopropertyfinders.com\/es\/wp-json\/wp\/v2\/comments?post=1991"}],"version-history":[{"count":20,"href":"https:\/\/coloradopropertyfinders.com\/es\/wp-json\/wp\/v2\/pages\/1991\/revisions"}],"predecessor-version":[{"id":3289,"href":"https:\/\/coloradopropertyfinders.com\/es\/wp-json\/wp\/v2\/pages\/1991\/revisions\/3289"}],"wp:attachment":[{"href":"https:\/\/coloradopropertyfinders.com\/es\/wp-json\/wp\/v2\/media?parent=1991"}],"curies":[{"name":"wp","href":"https:\/\/api.w.org\/{rel}","templated":true}]}}