{"id":2182,"date":"2024-12-26T21:29:17","date_gmt":"2024-12-27T04:29:17","guid":{"rendered":"https:\/\/zqr.oqp.mybluehost.me\/website_14ab7cf1\/?page_id=2182"},"modified":"2025-11-15T11:55:44","modified_gmt":"2025-11-15T18:55:44","slug":"home-valuation","status":"publish","type":"page","link":"https:\/\/coloradopropertyfinders.com\/es\/home-valuation\/","title":{"rendered":"Valoraci\u00f3n de Casa"},"content":{"rendered":"<div class=\"wp-block-uagb-container uagb-block-nychi7u2 alignfull uagb-is-root-container\"><div class=\"uagb-container-inner-blocks-wrap\">\n<div class=\"wp-block-uagb-info-box uagb-block-osqj1gma uagb-infobox__content-wrap  uagb-infobox-icon-above-title uagb-infobox-image-valign-top\"><div class=\"uagb-ifb-content\"><div class=\"uagb-ifb-title-wrap\"><h1 class=\"uagb-ifb-title\">What&#8217;s My Home Worth?<\/h1><\/div><p class=\"uagb-ifb-desc\">\u00bfTiene curiosidad por saber cu\u00e1nto vale su casa en el mercado actual? Tanto si est\u00e1 pensando en vender como si s\u00f3lo quiere conocer el potencial de su propiedad, el primer paso es una evaluaci\u00f3n profesional.<br><br><\/p><\/div><\/div>\n<\/div><\/div>\n\n\n\n<p class=\"\"><\/p>\n\n\n\n<p class=\"has-text-align-center\"><\/p>\n\n\n\r\n\t\t\t<script>\r\n\t\t\t\tdocument.currentScript.replaceWith(ihfKestrel.render({\"component\":\"valuationRequestFormPage\"}));\r\n\t\t\t<\/script>\r\n\t\t\n\n\n\n<p class=\"has-text-align-center\"><\/p>\n\n\n\n<p class=\"\"><\/p>","protected":false},"excerpt":{"rendered":"","protected":false},"author":1,"featured_media":0,"parent":0,"menu_order":0,"comment_status":"closed","ping_status":"closed","template":"","meta":{"nf_dc_page":"","_uag_custom_page_level_css":"","site-sidebar-layout":"default","site-content-layout":"","ast-site-content-layout":"default","site-content-style":"default","site-sidebar-style":"default","ast-global-header-display":"","ast-banner-title-visibility":"","ast-main-header-display":"","ast-hfb-above-header-display":"","ast-hfb-below-header-display":"","ast-hfb-mobile-header-display":"","site-post-title":"disabled","ast-breadcrumbs-content":"","ast-featured-img":"","footer-sml-layout":"","ast-disable-related-posts":"","theme-transparent-header-meta":"","adv-header-id-meta":"","stick-header-meta":"","header-above-stick-meta":"","header-main-stick-meta":"","header-below-stick-meta":"","astra-migrate-meta-layouts":"set","ast-page-background-enabled":"default","ast-page-background-meta":{"desktop":{"background-color":"var(--ast-global-color-4)","background-image":"","background-repeat":"repeat","background-position":"center center","background-size":"auto","background-attachment":"scroll","background-type":"","background-media":"","overlay-type":"","overlay-color":"","overlay-opacity":"","overlay-gradient":""},"tablet":{"background-color":"","background-image":"","background-repeat":"repeat","background-position":"center center","background-size":"auto","background-attachment":"scroll","background-type":"","background-media":"","overlay-type":"","overlay-color":"","overlay-opacity":"","overlay-gradient":""},"mobile":{"background-color":"","background-image":"","background-repeat":"repeat","background-position":"center center","background-size":"auto","background-attachment":"scroll","background-type":"","background-media":"","overlay-type":"","overlay-color":"","overlay-opacity":"","overlay-gradient":""}},"ast-content-background-meta":{"desktop":{"background-color":"var(--ast-global-color-5)","background-image":"","background-repeat":"repeat","background-position":"center center","background-size":"auto","background-attachment":"scroll","background-type":"","background-media":"","overlay-type":"","overlay-color":"","overlay-opacity":"","overlay-gradient":""},"tablet":{"background-color":"var(--ast-global-color-5)","background-image":"","background-repeat":"repeat","background-position":"center center","background-size":"auto","background-attachment":"scroll","background-type":"","background-media":"","overlay-type":"","overlay-color":"","overlay-opacity":"","overlay-gradient":""},"mobile":{"background-color":"var(--ast-global-color-5)","background-image":"","background-repeat":"repeat","background-position":"center center","background-size":"auto","background-attachment":"scroll","background-type":"","background-media":"","overlay-type":"","overlay-color":"","overlay-opacity":"","overlay-gradient":""}},"_mbp_gutenberg_autopost":false,"jetpack_post_was_ever_published":false,"footnotes":""},"class_list":["post-2182","page","type-page","status-publish","hentry"],"yoast_head":"<!-- This site is optimized with the Yoast SEO plugin v27.4 - https:\/\/yoast.com\/product\/yoast-seo-wordpress\/ -->\n<title>Home Valuation - Valeria Navoni<\/title>\n<meta name=\"robots\" content=\"index, follow, max-snippet:-1, max-image-preview:large, max-video-preview:-1\" \/>\n<link rel=\"canonical\" href=\"https:\/\/coloradopropertyfinders.com\/es\/home-valuation\/\" \/>\n<meta property=\"og:locale\" content=\"es_MX\" \/>\n<meta property=\"og:type\" content=\"article\" \/>\n<meta property=\"og:title\" content=\"Home Valuation - Valeria Navoni\" \/>\n<meta property=\"og:url\" content=\"https:\/\/coloradopropertyfinders.com\/es\/home-valuation\/\" \/>\n<meta property=\"og:site_name\" content=\"Valeria Navoni\" \/>\n<meta property=\"article:publisher\" content=\"https:\/\/www.facebook.com\/navonihomes\/\" \/>\n<meta property=\"article:modified_time\" content=\"2025-11-15T18:55:44+00:00\" \/>\n<meta name=\"twitter:card\" content=\"summary_large_image\" \/>\n<meta name=\"twitter:label1\" content=\"Tiempo de lectura\" \/>\n\t<meta name=\"twitter:data1\" content=\"1 minuto\" \/>\n<script type=\"application\/ld+json\" class=\"yoast-schema-graph\">{\"@context\":\"https:\\\/\\\/schema.org\",\"@graph\":[{\"@type\":\"WebPage\",\"@id\":\"https:\\\/\\\/coloradopropertyfinders.com\\\/home-valuation\\\/\",\"url\":\"https:\\\/\\\/coloradopropertyfinders.com\\\/home-valuation\\\/\",\"name\":\"Home Valuation - Valeria Navoni\",\"isPartOf\":{\"@id\":\"https:\\\/\\\/zqr.oqp.mybluehost.me\\\/website_14ab7cf1\\\/#website\"},\"datePublished\":\"2024-12-27T04:29:17+00:00\",\"dateModified\":\"2025-11-15T18:55:44+00:00\",\"breadcrumb\":{\"@id\":\"https:\\\/\\\/coloradopropertyfinders.com\\\/home-valuation\\\/#breadcrumb\"},\"inLanguage\":\"es\",\"potentialAction\":[{\"@type\":\"ReadAction\",\"target\":[\"https:\\\/\\\/coloradopropertyfinders.com\\\/home-valuation\\\/\"]}]},{\"@type\":\"BreadcrumbList\",\"@id\":\"https:\\\/\\\/coloradopropertyfinders.com\\\/home-valuation\\\/#breadcrumb\",\"itemListElement\":[{\"@type\":\"ListItem\",\"position\":1,\"name\":\"Home\",\"item\":\"https:\\\/\\\/coloradopropertyfinders.com\\\/\"},{\"@type\":\"ListItem\",\"position\":2,\"name\":\"Home Valuation\"}]},{\"@type\":\"WebSite\",\"@id\":\"https:\\\/\\\/zqr.oqp.mybluehost.me\\\/website_14ab7cf1\\\/#website\",\"url\":\"https:\\\/\\\/zqr.oqp.mybluehost.me\\\/website_14ab7cf1\\\/\",\"name\":\"Valeria Navoni\",\"description\":\"\",\"publisher\":{\"@id\":\"https:\\\/\\\/zqr.oqp.mybluehost.me\\\/website_14ab7cf1\\\/#\\\/schema\\\/person\\\/3e41481a12255f26986cba19ea6fbb2c\"},\"potentialAction\":[{\"@type\":\"SearchAction\",\"target\":{\"@type\":\"EntryPoint\",\"urlTemplate\":\"https:\\\/\\\/zqr.oqp.mybluehost.me\\\/website_14ab7cf1\\\/?s={search_term_string}\"},\"query-input\":{\"@type\":\"PropertyValueSpecification\",\"valueRequired\":true,\"valueName\":\"search_term_string\"}}],\"inLanguage\":\"es\"},{\"@type\":[\"Person\",\"Organization\"],\"@id\":\"https:\\\/\\\/zqr.oqp.mybluehost.me\\\/website_14ab7cf1\\\/#\\\/schema\\\/person\\\/3e41481a12255f26986cba19ea6fbb2c\",\"name\":\"Valeria Navoni\",\"image\":{\"@type\":\"ImageObject\",\"inLanguage\":\"es\",\"@id\":\"https:\\\/\\\/i0.wp.com\\\/coloradopropertyfinders.com\\\/wp-content\\\/uploads\\\/2025\\\/12\\\/MEGASTAR-REALTY-ISOLOGO-scaled.png?fit=2560%2C1060&ssl=1\",\"url\":\"https:\\\/\\\/i0.wp.com\\\/coloradopropertyfinders.com\\\/wp-content\\\/uploads\\\/2025\\\/12\\\/MEGASTAR-REALTY-ISOLOGO-scaled.png?fit=2560%2C1060&ssl=1\",\"contentUrl\":\"https:\\\/\\\/i0.wp.com\\\/coloradopropertyfinders.com\\\/wp-content\\\/uploads\\\/2025\\\/12\\\/MEGASTAR-REALTY-ISOLOGO-scaled.png?fit=2560%2C1060&ssl=1\",\"width\":2560,\"height\":1060,\"caption\":\"Valeria Navoni\"},\"logo\":{\"@id\":\"https:\\\/\\\/i0.wp.com\\\/coloradopropertyfinders.com\\\/wp-content\\\/uploads\\\/2025\\\/12\\\/MEGASTAR-REALTY-ISOLOGO-scaled.png?fit=2560%2C1060&ssl=1\"},\"description\":\"Valeria Navoni is a bilingual Realtor\u00ae fluent in English and Spanish, serving the South Metro Denver, Denver, and Aurora areas. With a background in sales, marketing, and negotiation, Valeria is committed to helping her clients navigate the real estate process with ease and confidence. Her approach is personalized, focused on building long-term relationships and exceeding expectations. Whether buying, selling, or investing, Valeria is your trusted ally in achieving your real estate goals.\",\"sameAs\":[\"http:\\\/\\\/www.coloradopropertyfinders.com\",\"https:\\\/\\\/www.facebook.com\\\/navonihomes\\\/\",\"https:\\\/\\\/www.instagram.com\\\/valeria.navoni\",\"https:\\\/\\\/www.linkedin.com\\\/in\\\/valeria-navoni\\\/\",\"https:\\\/\\\/www.youtube.com\\\/channel\\\/UCl97QzVYQGR0JddizlqQZxQ\"]}]}<\/script>\n<!-- \/ Yoast SEO plugin. -->","yoast_head_json":{"title":"Home Valuation - Valeria Navoni","robots":{"index":"index","follow":"follow","max-snippet":"max-snippet:-1","max-image-preview":"max-image-preview:large","max-video-preview":"max-video-preview:-1"},"canonical":"https:\/\/coloradopropertyfinders.com\/es\/home-valuation\/","og_locale":"es_MX","og_type":"article","og_title":"Home Valuation - Valeria Navoni","og_url":"https:\/\/coloradopropertyfinders.com\/es\/home-valuation\/","og_site_name":"Valeria Navoni","article_publisher":"https:\/\/www.facebook.com\/navonihomes\/","article_modified_time":"2025-11-15T18:55:44+00:00","twitter_card":"summary_large_image","twitter_misc":{"Tiempo de lectura":"1 minuto"},"schema":{"@context":"https:\/\/schema.org","@graph":[{"@type":"WebPage","@id":"https:\/\/coloradopropertyfinders.com\/home-valuation\/","url":"https:\/\/coloradopropertyfinders.com\/home-valuation\/","name":"Home Valuation - Valeria Navoni","isPartOf":{"@id":"https:\/\/zqr.oqp.mybluehost.me\/website_14ab7cf1\/#website"},"datePublished":"2024-12-27T04:29:17+00:00","dateModified":"2025-11-15T18:55:44+00:00","breadcrumb":{"@id":"https:\/\/coloradopropertyfinders.com\/home-valuation\/#breadcrumb"},"inLanguage":"es","potentialAction":[{"@type":"ReadAction","target":["https:\/\/coloradopropertyfinders.com\/home-valuation\/"]}]},{"@type":"BreadcrumbList","@id":"https:\/\/coloradopropertyfinders.com\/home-valuation\/#breadcrumb","itemListElement":[{"@type":"ListItem","position":1,"name":"Home","item":"https:\/\/coloradopropertyfinders.com\/"},{"@type":"ListItem","position":2,"name":"Home Valuation"}]},{"@type":"WebSite","@id":"https:\/\/zqr.oqp.mybluehost.me\/website_14ab7cf1\/#website","url":"https:\/\/zqr.oqp.mybluehost.me\/website_14ab7cf1\/","name":"Valeria Navoni","description":"","publisher":{"@id":"https:\/\/zqr.oqp.mybluehost.me\/website_14ab7cf1\/#\/schema\/person\/3e41481a12255f26986cba19ea6fbb2c"},"potentialAction":[{"@type":"SearchAction","target":{"@type":"EntryPoint","urlTemplate":"https:\/\/zqr.oqp.mybluehost.me\/website_14ab7cf1\/?s={search_term_string}"},"query-input":{"@type":"PropertyValueSpecification","valueRequired":true,"valueName":"search_term_string"}}],"inLanguage":"es"},{"@type":["Person","Organization"],"@id":"https:\/\/zqr.oqp.mybluehost.me\/website_14ab7cf1\/#\/schema\/person\/3e41481a12255f26986cba19ea6fbb2c","name":"Valeria Navoni","image":{"@type":"ImageObject","inLanguage":"es","@id":"https:\/\/i0.wp.com\/coloradopropertyfinders.com\/wp-content\/uploads\/2025\/12\/MEGASTAR-REALTY-ISOLOGO-scaled.png?fit=2560%2C1060&ssl=1","url":"https:\/\/i0.wp.com\/coloradopropertyfinders.com\/wp-content\/uploads\/2025\/12\/MEGASTAR-REALTY-ISOLOGO-scaled.png?fit=2560%2C1060&ssl=1","contentUrl":"https:\/\/i0.wp.com\/coloradopropertyfinders.com\/wp-content\/uploads\/2025\/12\/MEGASTAR-REALTY-ISOLOGO-scaled.png?fit=2560%2C1060&ssl=1","width":2560,"height":1060,"caption":"Valeria Navoni"},"logo":{"@id":"https:\/\/i0.wp.com\/coloradopropertyfinders.com\/wp-content\/uploads\/2025\/12\/MEGASTAR-REALTY-ISOLOGO-scaled.png?fit=2560%2C1060&ssl=1"},"description":"Valeria Navoni is a bilingual Realtor\u00ae fluent in English and Spanish, serving the South Metro Denver, Denver, and Aurora areas. With a background in sales, marketing, and negotiation, Valeria is committed to helping her clients navigate the real estate process with ease and confidence. Her approach is personalized, focused on building long-term relationships and exceeding expectations. Whether buying, selling, or investing, Valeria is your trusted ally in achieving your real estate goals.","sameAs":["http:\/\/www.coloradopropertyfinders.com","https:\/\/www.facebook.com\/navonihomes\/","https:\/\/www.instagram.com\/valeria.navoni","https:\/\/www.linkedin.com\/in\/valeria-navoni\/","https:\/\/www.youtube.com\/channel\/UCl97QzVYQGR0JddizlqQZxQ"]}]}},"uagb_featured_image_src":{"full":false,"thumbnail":false,"medium":false,"medium_large":false,"large":false,"1536x1536":false,"2048x2048":false,"trp-custom-language-flag":false,"pgmb-post-image":false},"uagb_author_info":{"display_name":"Valeria Navoni","author_link":"https:\/\/coloradopropertyfinders.com\/es\/author\/vnavoni\/"},"uagb_comment_info":0,"uagb_excerpt":null,"jetpack_sharing_enabled":true,"jetpack_likes_enabled":true,"_links":{"self":[{"href":"https:\/\/coloradopropertyfinders.com\/es\/wp-json\/wp\/v2\/pages\/2182","targetHints":{"allow":["GET"]}}],"collection":[{"href":"https:\/\/coloradopropertyfinders.com\/es\/wp-json\/wp\/v2\/pages"}],"about":[{"href":"https:\/\/coloradopropertyfinders.com\/es\/wp-json\/wp\/v2\/types\/page"}],"author":[{"embeddable":true,"href":"https:\/\/coloradopropertyfinders.com\/es\/wp-json\/wp\/v2\/users\/1"}],"replies":[{"embeddable":true,"href":"https:\/\/coloradopropertyfinders.com\/es\/wp-json\/wp\/v2\/comments?post=2182"}],"version-history":[{"count":16,"href":"https:\/\/coloradopropertyfinders.com\/es\/wp-json\/wp\/v2\/pages\/2182\/revisions"}],"predecessor-version":[{"id":3266,"href":"https:\/\/coloradopropertyfinders.com\/es\/wp-json\/wp\/v2\/pages\/2182\/revisions\/3266"}],"wp:attachment":[{"href":"https:\/\/coloradopropertyfinders.com\/es\/wp-json\/wp\/v2\/media?parent=2182"}],"curies":[{"name":"wp","href":"https:\/\/api.w.org\/{rel}","templated":true}]}}