{"id":2193,"date":"2024-12-26T21:48:06","date_gmt":"2024-12-27T04:48:06","guid":{"rendered":"https:\/\/zqr.oqp.mybluehost.me\/website_14ab7cf1\/?page_id=2193"},"modified":"2025-12-03T09:19:43","modified_gmt":"2025-12-03T16:19:43","slug":"buy","status":"publish","type":"page","link":"https:\/\/coloradopropertyfinders.com\/es\/buy\/","title":{"rendered":"Comprar"},"content":{"rendered":"<div class=\"wp-block-uagb-container uagb-block-o4niutxp alignfull uagb-is-root-container\"><div class=\"uagb-container-inner-blocks-wrap\">\n<div class=\"wp-block-uagb-info-box uagb-block-wckqsbuc uagb-infobox__content-wrap  uagb-infobox-icon-above-title uagb-infobox-image-valign-top\"><div class=\"uagb-ifb-content\"><div class=\"uagb-ifb-title-wrap\"><h1 class=\"uagb-ifb-title\"><strong><strong>Comprar tu pr\u00f3xima casa no tiene por qu\u00e9 ser abrumador<\/strong><\/strong><\/h1><\/div><p class=\"uagb-ifb-desc\"><em>Ya sea que est\u00e9s buscando una casa m\u00e1s grande o est\u00e9s empezando, el EZ Swap Method te ofrece un camino m\u00e1s inteligente y estrat\u00e9gico para ser due\u00f1o de tu hogar.<\/em><\/p><\/div><\/div>\n<\/div><\/div>\n\n\n\n<p class=\"\"><\/p>\n\n\n\n<h2 class=\"wp-block-heading has-text-color has-link-color wp-elements-ca85ef14339f89bc10fb339de7f6af03\" style=\"color:#1c3a53\">Lo que hace \u00fanica esta experiencia de compra<\/h2>\n\n\n\n<p class=\"\">La mayor\u00eda de los compradores se sienten perdidos, sin toda la informaci\u00f3n que necesitan o sin saber qu\u00e9 paso dar despu\u00e9s.<br>T\u00fa no lo estar\u00e1s, porque tendr\u00e1s un plan claro hecho a tu medida.<\/p>\n\n\n\n<p class=\"\">Con el EZ Swap Method, te acompa\u00f1o paso a paso en todo el proceso para que te sientas seguro desde la primera b\u00fasqueda hasta la \u00faltima revisi\u00f3n de la casa.<\/p>\n\n\n\n<div class=\"nfd-container nfd-p-lg  nfd-wb-features__features-18 is-style-nfd-theme-white wp-block-group has-background is-layout-constrained wp-block-group-is-layout-constrained\" style=\"background-color:#1c3a53\">\n<div class=\"nfd-gap-lg wp-block-group is-vertical is-content-justification-center is-layout-flex wp-container-core-group-is-layout-fa38c63a wp-block-group-is-layout-flex\">\n<div class=\"wp-block-group is-nowrap is-layout-flex wp-container-core-group-is-layout-6c531013 wp-block-group-is-layout-flex\">\n<div class=\"nfd-shadow-xs nfd-rounded-full is-style-nfd-theme-white wp-block-group is-layout-constrained wp-container-core-group-is-layout-c4486197 wp-block-group-is-layout-constrained\" style=\"padding-top:6px;padding-right:16px;padding-bottom:6px;padding-left:16px\">\n<p class=\"nfd-text-xs\" style=\"font-style:normal;font-weight:600;text-transform:uppercase\">C\u00f3mo trabajamos<\/p>\n<\/div>\n<\/div>\n\n\n\n<h2 class=\"wp-block-heading nfd-text-huge nfd-text-contrast nfd-text-balance has-text-align-center has-text-color has-link-color wp-elements-0f9d3c1c64303e69548d70c2fb2abbda\" style=\"color:#f5f4ef\">C\u00f3mo el M\u00e9todo EZ Swap te ayuda a comprar<\/h2>\n<\/div>\n\n\n\n<div style=\"height:32px\" aria-hidden=\"true\" class=\"wp-block-spacer\"><\/div>\n\n\n\n<div class=\"nfd-text-base  wp-block-columns is-layout-flex wp-container-core-columns-is-layout-c8ed38b0 wp-block-columns-is-layout-flex\">\n<div class=\"wp-block-column is-vertically-aligned-stretch is-layout-flow wp-block-column-is-layout-flow\">\n<div class=\"nfd-p-card-square nfd-gap-sm is-style-nfd-theme-white wp-block-group is-vertical is-content-justification-left is-layout-flex wp-container-core-group-is-layout-dd225191 wp-block-group-is-layout-flex\" style=\"border-top-left-radius:20px;border-top-right-radius:0px;border-bottom-left-radius:0px;border-bottom-right-radius:0px\">\n<p class=\"nfd-text-xl nfd-text-primary nfd-text-balance has-text-align-left has-text-color has-link-color wp-elements-9c423e4f7dac20ac630ee8f99c2e231c\" style=\"color:#b24c3a;font-style:normal;font-weight:300;letter-spacing:2px\">01<\/p>\n\n\n\n<h3 class=\"nfd-text-md nfd-text-contrast wp-block-heading has-text-align-left\" style=\"font-style:normal;font-weight:500\"><strong>Construye una base s\u00f3lida<\/strong><\/h3>\n\n\n\n<p class=\"nfd-text-balance nfd-text-faded  has-text-align-left\">Antes de comenzar a buscar, tendr\u00e1s todo listo para que puedas avanzar de manera segura. Eso implica encontrar a un agente de confianza (hola, esa soy yo), obtener una pre-aprobaci\u00f3n y establecer un presupuesto realista que se ajuste a tu estilo de vida, no solo a lo que el prestamista dice que <em>podr\u00edas<\/em> gastar.<br><\/p>\n<\/div>\n<\/div>\n\n\n\n<div class=\"wp-block-column is-vertically-aligned-stretch is-layout-flow wp-block-column-is-layout-flow\">\n<div class=\"nfd-p-card-square nfd-gap-sm is-style-nfd-theme-white wp-block-group is-vertical is-content-justification-left is-layout-flex wp-container-core-group-is-layout-dd225191 wp-block-group-is-layout-flex\">\n<p class=\"nfd-text-xl nfd-text-primary nfd-text-balance has-text-align-left has-text-color has-link-color wp-elements-4abb8db63ec309a3fb7a93570abe0e6c\" style=\"color:#b24c3a;font-style:normal;font-weight:300;letter-spacing:2px\">02<\/p>\n\n\n\n<h3 class=\"nfd-text-md nfd-text-contrast wp-block-heading has-text-align-left\" style=\"font-style:normal;font-weight:500\"><strong>Busca con claridad, no con caos<\/strong><\/h3>\n\n\n\n<p class=\"nfd-text-balance nfd-text-faded  has-text-align-left\">Aqu\u00ed es donde muchos se agobian, pero no t\u00fa. Tu b\u00fasqueda incluir\u00e1 una lista clara de propiedades con lo que buscas, dentro de tu presupuesto y solo ir\u00e1s a ver casas que realmente se ajusten a tus necesidades. Filtraremos el ruido para que te enfoques en lo que realmente funciona para ti.<\/p>\n<\/div>\n<\/div>\n\n\n\n<div class=\"wp-block-column is-vertically-aligned-stretch is-layout-flow wp-block-column-is-layout-flow\">\n<div class=\"nfd-p-card-square nfd-gap-sm is-style-nfd-theme-white wp-block-group is-vertical is-content-justification-left is-layout-flex wp-container-core-group-is-layout-dd225191 wp-block-group-is-layout-flex\" style=\"border-top-left-radius:0px;border-top-right-radius:20px;border-bottom-left-radius:0px;border-bottom-right-radius:0px\">\n<p class=\"nfd-text-xl nfd-text-primary nfd-text-balance has-text-align-left has-text-color has-link-color wp-elements-ba11e5185634e1f7000c77e6b946d3fb\" style=\"color:#b24c3a;font-style:normal;font-weight:300;letter-spacing:2px\">03<\/p>\n\n\n\n<h3 class=\"nfd-text-md nfd-text-contrast wp-block-heading has-text-align-left\" style=\"font-style:normal;font-weight:500\"><strong>Avanza con confianza<\/strong><\/h3>\n\n\n\n<p class=\"nfd-text-balance nfd-text-faded  has-text-align-left\">Cuando llegue el momento de hacer una oferta, no tendr\u00e1s dudas. Vas a entender cada paso: precios comparables, negociaci\u00f3n, tiempos, inspecciones, tasaci\u00f3n. Nada te va a sorprender. Estar\u00e1s listo, informado y acompa\u00f1ado desde la oferta hasta el cierre.<\/p>\n<\/div>\n<\/div>\n<\/div>\n<\/div>\n\n\n\n<p class=\"\"><\/p>\n\n\n\n<p class=\"\">\u00bfQuer\u00e9s ver c\u00f3mo es la lista completa de pasos para compradores? Haz clic <a href=\"https:\/\/drive.google.com\/file\/d\/1d31F9uUPEPWdlfmVC95sAMdGcojpNQvJ\/view?usp=sharing\">aqu\u00ed<\/a>.<\/p>\n\n\n\n<div class=\"nfd-container nfd-wb-call-to-action__cta-1 wp-block-group is-layout-constrained wp-block-group-is-layout-constrained\">\n<div class=\"wp-block-columns is-layout-flex wp-container-core-columns-is-layout-28232c24 wp-block-columns-is-layout-flex\">\n<div class=\"wp-block-column is-vertically-aligned-stretch is-layout-flow wp-block-column-is-layout-flow\">\n<div class=\"wp-block-group is-vertical is-content-justification-stretch is-layout-flex wp-container-core-group-is-layout-401b7a8a wp-block-group-is-layout-flex\" style=\"min-height:100%\">\n<div class=\"wp-block-cover is-light wp-container-content-9cfa9a5a\"><img decoding=\"async\" class=\"wp-block-cover__image-background\" alt=\"\" src=\"https:\/\/images.unsplash.com\/photo-1618220048045-10a6dbdf83e0?ixlib=rb-4.0.3&amp;ixid=MnwxMjA3fDB8MHxwaG90by1wYWdlfHx8fGVufDB8fHx8&amp;auto=format&amp;fit=crop&amp;q=80&amp;w=900&amp;h=900&amp;crop=\" data-object-fit=\"cover\"\/><span aria-hidden=\"true\" class=\"wp-block-cover__background has-background-dim-0 has-background-dim\"><\/span><div class=\"wp-block-cover__inner-container is-layout-constrained wp-block-cover-is-layout-constrained\">\n<p class=\"\"><\/p>\n<\/div><\/div>\n<\/div>\n<\/div>\n\n\n\n<div class=\"wp-block-column is-vertically-aligned-stretch is-layout-flow wp-block-column-is-layout-flow\">\n<div class=\"nfd-gap-md nfd-p-card-square-lg is-style-nfd-theme-darker wp-block-group nfd-bg-effect-grid-3 is-vertical is-layout-flex wp-container-core-group-is-layout-d6b9ab57 wp-block-group-is-layout-flex\" style=\"min-height:100%\">\n<div class=\"wp-block-group is-nowrap is-layout-flex wp-container-core-group-is-layout-6c531013 wp-block-group-is-layout-flex\"><\/div>\n\n\n\n<h2 class=\"nfd-text-xl nfd-text-contrast nfd-text-balance wp-block-heading has-text-align-left has-ast-global-color-5-color has-text-color has-link-color wp-elements-9cb43cc3ce8393d35738c00caa4a9a16\">\u00bfListo para empezar?<\/h2>\n\n\n\n<p class=\"nfd-text-faded nfd-text-base nfd-text-balance\">La casa de sus sue\u00f1os est\u00e1 m\u00e1s cerca de lo que cree. Empecemos juntos el camino. <br><\/p>\n\n\n\n<div style=\"height:0px\" aria-hidden=\"true\" class=\"wp-block-spacer wp-container-content-7d115344\"><\/div>\n\n\n\n<div class=\"wp-block-buttons is-layout-flex wp-container-core-buttons-is-layout-ea8b11be wp-block-buttons-is-layout-flex\">\n<div class=\"nfd-btn-wide is-style-fill wp-block-button\"><a class=\"wp-block-button__link has-background wp-element-button\" href=\"https:\/\/links.coloradopropertyfinders.com\/booking\/valeria-navoni\" style=\"background-color:#b24c3a\">Hablemos<\/a><\/div>\n<\/div>\n<\/div>\n<\/div>\n<\/div>\n\n\n\n<div style=\"height:46px\" aria-hidden=\"true\" class=\"wp-block-spacer\"><\/div>\n<\/div>\n\n\n\n<div class=\"wp-block-uagb-container uagb-block-yqxx4znm alignfull uagb-is-root-container\"><\/div>\n\n\n\n<h2 class=\"wp-block-heading has-text-align-center\">B\u00fasqueda de casas<\/h2>\n\n\n\r\n\t\t\t<script>\r\n\t\t\t\tdocument.currentScript.replaceWith(ihfKestrel.render({\"component\":\"quickSearchWidget\",\"showPropertyType\":true,\"style\":\"twoline\"}));\r\n\t\t\t<\/script>\r\n\t\t\n\n\n\n<p class=\"\"><\/p>","protected":false},"excerpt":{"rendered":"<p>Why This Isn\u2019t Your Average Buying Experience Most buyers feel overwhelmed, under-informed, or unsure of what comes next.You won\u2019t \u2014 [&hellip;]<\/p>\n","protected":false},"author":1,"featured_media":0,"parent":0,"menu_order":0,"comment_status":"closed","ping_status":"closed","template":"","meta":{"nf_dc_page":"","_uag_custom_page_level_css":"","site-sidebar-layout":"default","site-content-layout":"","ast-site-content-layout":"default","site-content-style":"default","site-sidebar-style":"default","ast-global-header-display":"","ast-banner-title-visibility":"","ast-main-header-display":"","ast-hfb-above-header-display":"","ast-hfb-below-header-display":"","ast-hfb-mobile-header-display":"","site-post-title":"disabled","ast-breadcrumbs-content":"","ast-featured-img":"","footer-sml-layout":"","ast-disable-related-posts":"","theme-transparent-header-meta":"","adv-header-id-meta":"","stick-header-meta":"","header-above-stick-meta":"","header-main-stick-meta":"","header-below-stick-meta":"","astra-migrate-meta-layouts":"set","ast-page-background-enabled":"default","ast-page-background-meta":{"desktop":{"background-color":"var(--ast-global-color-4)","background-image":"","background-repeat":"repeat","background-position":"center center","background-size":"auto","background-attachment":"scroll","background-type":"","background-media":"","overlay-type":"","overlay-color":"","overlay-opacity":"","overlay-gradient":""},"tablet":{"background-color":"","background-image":"","background-repeat":"repeat","background-position":"center center","background-size":"auto","background-attachment":"scroll","background-type":"","background-media":"","overlay-type":"","overlay-color":"","overlay-opacity":"","overlay-gradient":""},"mobile":{"background-color":"","background-image":"","background-repeat":"repeat","background-position":"center center","background-size":"auto","background-attachment":"scroll","background-type":"","background-media":"","overlay-type":"","overlay-color":"","overlay-opacity":"","overlay-gradient":""}},"ast-content-background-meta":{"desktop":{"background-color":"var(--ast-global-color-5)","background-image":"","background-repeat":"repeat","background-position":"center center","background-size":"auto","background-attachment":"scroll","background-type":"","background-media":"","overlay-type":"","overlay-color":"","overlay-opacity":"","overlay-gradient":""},"tablet":{"background-color":"var(--ast-global-color-5)","background-image":"","background-repeat":"repeat","background-position":"center center","background-size":"auto","background-attachment":"scroll","background-type":"","background-media":"","overlay-type":"","overlay-color":"","overlay-opacity":"","overlay-gradient":""},"mobile":{"background-color":"var(--ast-global-color-5)","background-image":"","background-repeat":"repeat","background-position":"center center","background-size":"auto","background-attachment":"scroll","background-type":"","background-media":"","overlay-type":"","overlay-color":"","overlay-opacity":"","overlay-gradient":""}},"_mbp_gutenberg_autopost":false,"jetpack_post_was_ever_published":false,"footnotes":""},"class_list":["post-2193","page","type-page","status-publish","hentry"],"yoast_head":"<!-- This site is optimized with the Yoast SEO plugin v27.4 - https:\/\/yoast.com\/product\/yoast-seo-wordpress\/ -->\n<title>Buy - Valeria Navoni<\/title>\n<meta name=\"robots\" content=\"index, follow, max-snippet:-1, max-image-preview:large, max-video-preview:-1\" \/>\n<link rel=\"canonical\" href=\"https:\/\/coloradopropertyfinders.com\/es\/buy\/\" \/>\n<meta property=\"og:locale\" content=\"es_MX\" \/>\n<meta property=\"og:type\" content=\"article\" \/>\n<meta property=\"og:title\" content=\"Buy - Valeria Navoni\" \/>\n<meta property=\"og:description\" content=\"Why This Isn\u2019t Your Average Buying Experience Most buyers feel overwhelmed, under-informed, or unsure of what comes next.You won\u2019t \u2014 [&hellip;]\" \/>\n<meta property=\"og:url\" content=\"https:\/\/coloradopropertyfinders.com\/es\/buy\/\" \/>\n<meta property=\"og:site_name\" content=\"Valeria Navoni\" \/>\n<meta property=\"article:publisher\" content=\"https:\/\/www.facebook.com\/navonihomes\/\" \/>\n<meta property=\"article:modified_time\" content=\"2025-12-03T16:19:43+00:00\" \/>\n<meta property=\"og:image\" content=\"https:\/\/images.unsplash.com\/photo-1618220048045-10a6dbdf83e0?ixlib=rb-4.0.3&amp;ixid=MnwxMjA3fDB8MHxwaG90by1wYWdlfHx8fGVufDB8fHx8&amp;auto=format&amp;fit=crop&amp;q=80&amp;w=900&amp;h=900&amp;crop=\" \/>\n<meta name=\"twitter:card\" content=\"summary_large_image\" \/>\n<meta name=\"twitter:label1\" content=\"Tiempo de lectura\" \/>\n\t<meta name=\"twitter:data1\" content=\"2 minutos\" \/>\n<script type=\"application\/ld+json\" class=\"yoast-schema-graph\">{\"@context\":\"https:\\\/\\\/schema.org\",\"@graph\":[{\"@type\":\"WebPage\",\"@id\":\"https:\\\/\\\/coloradopropertyfinders.com\\\/buy\\\/\",\"url\":\"https:\\\/\\\/coloradopropertyfinders.com\\\/buy\\\/\",\"name\":\"Buy - Valeria Navoni\",\"isPartOf\":{\"@id\":\"https:\\\/\\\/zqr.oqp.mybluehost.me\\\/website_14ab7cf1\\\/#website\"},\"primaryImageOfPage\":{\"@id\":\"https:\\\/\\\/coloradopropertyfinders.com\\\/buy\\\/#primaryimage\"},\"image\":{\"@id\":\"https:\\\/\\\/coloradopropertyfinders.com\\\/buy\\\/#primaryimage\"},\"thumbnailUrl\":\"https:\\\/\\\/images.unsplash.com\\\/photo-1618220048045-10a6dbdf83e0?ixlib=rb-4.0.3&amp;ixid=MnwxMjA3fDB8MHxwaG90by1wYWdlfHx8fGVufDB8fHx8&amp;auto=format&amp;fit=crop&amp;q=80&amp;w=900&amp;h=900&amp;crop=\",\"datePublished\":\"2024-12-27T04:48:06+00:00\",\"dateModified\":\"2025-12-03T16:19:43+00:00\",\"breadcrumb\":{\"@id\":\"https:\\\/\\\/coloradopropertyfinders.com\\\/buy\\\/#breadcrumb\"},\"inLanguage\":\"es\",\"potentialAction\":[{\"@type\":\"ReadAction\",\"target\":[\"https:\\\/\\\/coloradopropertyfinders.com\\\/buy\\\/\"]}]},{\"@type\":\"ImageObject\",\"inLanguage\":\"es\",\"@id\":\"https:\\\/\\\/coloradopropertyfinders.com\\\/buy\\\/#primaryimage\",\"url\":\"https:\\\/\\\/images.unsplash.com\\\/photo-1618220048045-10a6dbdf83e0?ixlib=rb-4.0.3&amp;ixid=MnwxMjA3fDB8MHxwaG90by1wYWdlfHx8fGVufDB8fHx8&amp;auto=format&amp;fit=crop&amp;q=80&amp;w=900&amp;h=900&amp;crop=\",\"contentUrl\":\"https:\\\/\\\/images.unsplash.com\\\/photo-1618220048045-10a6dbdf83e0?ixlib=rb-4.0.3&amp;ixid=MnwxMjA3fDB8MHxwaG90by1wYWdlfHx8fGVufDB8fHx8&amp;auto=format&amp;fit=crop&amp;q=80&amp;w=900&amp;h=900&amp;crop=\"},{\"@type\":\"BreadcrumbList\",\"@id\":\"https:\\\/\\\/coloradopropertyfinders.com\\\/buy\\\/#breadcrumb\",\"itemListElement\":[{\"@type\":\"ListItem\",\"position\":1,\"name\":\"Home\",\"item\":\"https:\\\/\\\/coloradopropertyfinders.com\\\/\"},{\"@type\":\"ListItem\",\"position\":2,\"name\":\"Buy\"}]},{\"@type\":\"WebSite\",\"@id\":\"https:\\\/\\\/zqr.oqp.mybluehost.me\\\/website_14ab7cf1\\\/#website\",\"url\":\"https:\\\/\\\/zqr.oqp.mybluehost.me\\\/website_14ab7cf1\\\/\",\"name\":\"Valeria Navoni\",\"description\":\"\",\"publisher\":{\"@id\":\"https:\\\/\\\/zqr.oqp.mybluehost.me\\\/website_14ab7cf1\\\/#\\\/schema\\\/person\\\/3e41481a12255f26986cba19ea6fbb2c\"},\"potentialAction\":[{\"@type\":\"SearchAction\",\"target\":{\"@type\":\"EntryPoint\",\"urlTemplate\":\"https:\\\/\\\/zqr.oqp.mybluehost.me\\\/website_14ab7cf1\\\/?s={search_term_string}\"},\"query-input\":{\"@type\":\"PropertyValueSpecification\",\"valueRequired\":true,\"valueName\":\"search_term_string\"}}],\"inLanguage\":\"es\"},{\"@type\":[\"Person\",\"Organization\"],\"@id\":\"https:\\\/\\\/zqr.oqp.mybluehost.me\\\/website_14ab7cf1\\\/#\\\/schema\\\/person\\\/3e41481a12255f26986cba19ea6fbb2c\",\"name\":\"Valeria Navoni\",\"image\":{\"@type\":\"ImageObject\",\"inLanguage\":\"es\",\"@id\":\"https:\\\/\\\/i0.wp.com\\\/coloradopropertyfinders.com\\\/wp-content\\\/uploads\\\/2025\\\/12\\\/MEGASTAR-REALTY-ISOLOGO-scaled.png?fit=2560%2C1060&ssl=1\",\"url\":\"https:\\\/\\\/i0.wp.com\\\/coloradopropertyfinders.com\\\/wp-content\\\/uploads\\\/2025\\\/12\\\/MEGASTAR-REALTY-ISOLOGO-scaled.png?fit=2560%2C1060&ssl=1\",\"contentUrl\":\"https:\\\/\\\/i0.wp.com\\\/coloradopropertyfinders.com\\\/wp-content\\\/uploads\\\/2025\\\/12\\\/MEGASTAR-REALTY-ISOLOGO-scaled.png?fit=2560%2C1060&ssl=1\",\"width\":2560,\"height\":1060,\"caption\":\"Valeria Navoni\"},\"logo\":{\"@id\":\"https:\\\/\\\/i0.wp.com\\\/coloradopropertyfinders.com\\\/wp-content\\\/uploads\\\/2025\\\/12\\\/MEGASTAR-REALTY-ISOLOGO-scaled.png?fit=2560%2C1060&ssl=1\"},\"description\":\"Valeria Navoni is a bilingual Realtor\u00ae fluent in English and Spanish, serving the South Metro Denver, Denver, and Aurora areas. With a background in sales, marketing, and negotiation, Valeria is committed to helping her clients navigate the real estate process with ease and confidence. Her approach is personalized, focused on building long-term relationships and exceeding expectations. Whether buying, selling, or investing, Valeria is your trusted ally in achieving your real estate goals.\",\"sameAs\":[\"http:\\\/\\\/www.coloradopropertyfinders.com\",\"https:\\\/\\\/www.facebook.com\\\/navonihomes\\\/\",\"https:\\\/\\\/www.instagram.com\\\/valeria.navoni\",\"https:\\\/\\\/www.linkedin.com\\\/in\\\/valeria-navoni\\\/\",\"https:\\\/\\\/www.youtube.com\\\/channel\\\/UCl97QzVYQGR0JddizlqQZxQ\"]}]}<\/script>\n<!-- \/ Yoast SEO plugin. -->","yoast_head_json":{"title":"Buy - Valeria Navoni","robots":{"index":"index","follow":"follow","max-snippet":"max-snippet:-1","max-image-preview":"max-image-preview:large","max-video-preview":"max-video-preview:-1"},"canonical":"https:\/\/coloradopropertyfinders.com\/es\/buy\/","og_locale":"es_MX","og_type":"article","og_title":"Buy - Valeria Navoni","og_description":"Why This Isn\u2019t Your Average Buying Experience Most buyers feel overwhelmed, under-informed, or unsure of what comes next.You won\u2019t \u2014 [&hellip;]","og_url":"https:\/\/coloradopropertyfinders.com\/es\/buy\/","og_site_name":"Valeria Navoni","article_publisher":"https:\/\/www.facebook.com\/navonihomes\/","article_modified_time":"2025-12-03T16:19:43+00:00","og_image":[{"url":"https:\/\/images.unsplash.com\/photo-1618220048045-10a6dbdf83e0?ixlib=rb-4.0.3&amp;ixid=MnwxMjA3fDB8MHxwaG90by1wYWdlfHx8fGVufDB8fHx8&amp;auto=format&amp;fit=crop&amp;q=80&amp;w=900&amp;h=900&amp;crop=","type":"","width":"","height":""}],"twitter_card":"summary_large_image","twitter_misc":{"Tiempo de lectura":"2 minutos"},"schema":{"@context":"https:\/\/schema.org","@graph":[{"@type":"WebPage","@id":"https:\/\/coloradopropertyfinders.com\/buy\/","url":"https:\/\/coloradopropertyfinders.com\/buy\/","name":"Buy - Valeria Navoni","isPartOf":{"@id":"https:\/\/zqr.oqp.mybluehost.me\/website_14ab7cf1\/#website"},"primaryImageOfPage":{"@id":"https:\/\/coloradopropertyfinders.com\/buy\/#primaryimage"},"image":{"@id":"https:\/\/coloradopropertyfinders.com\/buy\/#primaryimage"},"thumbnailUrl":"https:\/\/images.unsplash.com\/photo-1618220048045-10a6dbdf83e0?ixlib=rb-4.0.3&amp;ixid=MnwxMjA3fDB8MHxwaG90by1wYWdlfHx8fGVufDB8fHx8&amp;auto=format&amp;fit=crop&amp;q=80&amp;w=900&amp;h=900&amp;crop=","datePublished":"2024-12-27T04:48:06+00:00","dateModified":"2025-12-03T16:19:43+00:00","breadcrumb":{"@id":"https:\/\/coloradopropertyfinders.com\/buy\/#breadcrumb"},"inLanguage":"es","potentialAction":[{"@type":"ReadAction","target":["https:\/\/coloradopropertyfinders.com\/buy\/"]}]},{"@type":"ImageObject","inLanguage":"es","@id":"https:\/\/coloradopropertyfinders.com\/buy\/#primaryimage","url":"https:\/\/images.unsplash.com\/photo-1618220048045-10a6dbdf83e0?ixlib=rb-4.0.3&amp;ixid=MnwxMjA3fDB8MHxwaG90by1wYWdlfHx8fGVufDB8fHx8&amp;auto=format&amp;fit=crop&amp;q=80&amp;w=900&amp;h=900&amp;crop=","contentUrl":"https:\/\/images.unsplash.com\/photo-1618220048045-10a6dbdf83e0?ixlib=rb-4.0.3&amp;ixid=MnwxMjA3fDB8MHxwaG90by1wYWdlfHx8fGVufDB8fHx8&amp;auto=format&amp;fit=crop&amp;q=80&amp;w=900&amp;h=900&amp;crop="},{"@type":"BreadcrumbList","@id":"https:\/\/coloradopropertyfinders.com\/buy\/#breadcrumb","itemListElement":[{"@type":"ListItem","position":1,"name":"Home","item":"https:\/\/coloradopropertyfinders.com\/"},{"@type":"ListItem","position":2,"name":"Buy"}]},{"@type":"WebSite","@id":"https:\/\/zqr.oqp.mybluehost.me\/website_14ab7cf1\/#website","url":"https:\/\/zqr.oqp.mybluehost.me\/website_14ab7cf1\/","name":"Valeria Navoni","description":"","publisher":{"@id":"https:\/\/zqr.oqp.mybluehost.me\/website_14ab7cf1\/#\/schema\/person\/3e41481a12255f26986cba19ea6fbb2c"},"potentialAction":[{"@type":"SearchAction","target":{"@type":"EntryPoint","urlTemplate":"https:\/\/zqr.oqp.mybluehost.me\/website_14ab7cf1\/?s={search_term_string}"},"query-input":{"@type":"PropertyValueSpecification","valueRequired":true,"valueName":"search_term_string"}}],"inLanguage":"es"},{"@type":["Person","Organization"],"@id":"https:\/\/zqr.oqp.mybluehost.me\/website_14ab7cf1\/#\/schema\/person\/3e41481a12255f26986cba19ea6fbb2c","name":"Valeria Navoni","image":{"@type":"ImageObject","inLanguage":"es","@id":"https:\/\/i0.wp.com\/coloradopropertyfinders.com\/wp-content\/uploads\/2025\/12\/MEGASTAR-REALTY-ISOLOGO-scaled.png?fit=2560%2C1060&ssl=1","url":"https:\/\/i0.wp.com\/coloradopropertyfinders.com\/wp-content\/uploads\/2025\/12\/MEGASTAR-REALTY-ISOLOGO-scaled.png?fit=2560%2C1060&ssl=1","contentUrl":"https:\/\/i0.wp.com\/coloradopropertyfinders.com\/wp-content\/uploads\/2025\/12\/MEGASTAR-REALTY-ISOLOGO-scaled.png?fit=2560%2C1060&ssl=1","width":2560,"height":1060,"caption":"Valeria Navoni"},"logo":{"@id":"https:\/\/i0.wp.com\/coloradopropertyfinders.com\/wp-content\/uploads\/2025\/12\/MEGASTAR-REALTY-ISOLOGO-scaled.png?fit=2560%2C1060&ssl=1"},"description":"Valeria Navoni is a bilingual Realtor\u00ae fluent in English and Spanish, serving the South Metro Denver, Denver, and Aurora areas. With a background in sales, marketing, and negotiation, Valeria is committed to helping her clients navigate the real estate process with ease and confidence. Her approach is personalized, focused on building long-term relationships and exceeding expectations. Whether buying, selling, or investing, Valeria is your trusted ally in achieving your real estate goals.","sameAs":["http:\/\/www.coloradopropertyfinders.com","https:\/\/www.facebook.com\/navonihomes\/","https:\/\/www.instagram.com\/valeria.navoni","https:\/\/www.linkedin.com\/in\/valeria-navoni\/","https:\/\/www.youtube.com\/channel\/UCl97QzVYQGR0JddizlqQZxQ"]}]}},"uagb_featured_image_src":{"full":false,"thumbnail":false,"medium":false,"medium_large":false,"large":false,"1536x1536":false,"2048x2048":false,"trp-custom-language-flag":false,"pgmb-post-image":false},"uagb_author_info":{"display_name":"Valeria Navoni","author_link":"https:\/\/coloradopropertyfinders.com\/es\/author\/vnavoni\/"},"uagb_comment_info":0,"uagb_excerpt":"Why This Isn\u2019t Your Average Buying Experience Most buyers feel overwhelmed, under-informed, or unsure of what comes next.You won\u2019t \u2014 [&hellip;]","jetpack_sharing_enabled":true,"jetpack_likes_enabled":true,"_links":{"self":[{"href":"https:\/\/coloradopropertyfinders.com\/es\/wp-json\/wp\/v2\/pages\/2193","targetHints":{"allow":["GET"]}}],"collection":[{"href":"https:\/\/coloradopropertyfinders.com\/es\/wp-json\/wp\/v2\/pages"}],"about":[{"href":"https:\/\/coloradopropertyfinders.com\/es\/wp-json\/wp\/v2\/types\/page"}],"author":[{"embeddable":true,"href":"https:\/\/coloradopropertyfinders.com\/es\/wp-json\/wp\/v2\/users\/1"}],"replies":[{"embeddable":true,"href":"https:\/\/coloradopropertyfinders.com\/es\/wp-json\/wp\/v2\/comments?post=2193"}],"version-history":[{"count":20,"href":"https:\/\/coloradopropertyfinders.com\/es\/wp-json\/wp\/v2\/pages\/2193\/revisions"}],"predecessor-version":[{"id":3287,"href":"https:\/\/coloradopropertyfinders.com\/es\/wp-json\/wp\/v2\/pages\/2193\/revisions\/3287"}],"wp:attachment":[{"href":"https:\/\/coloradopropertyfinders.com\/es\/wp-json\/wp\/v2\/media?parent=2193"}],"curies":[{"name":"wp","href":"https:\/\/api.w.org\/{rel}","templated":true}]}}