{"id":3099,"date":"2025-08-04T21:17:07","date_gmt":"2025-08-05T03:17:07","guid":{"rendered":"https:\/\/coloradopropertyfinders.com\/?page_id=3099"},"modified":"2026-02-13T22:00:33","modified_gmt":"2026-02-14T05:00:33","slug":"the-ez-swap-method","status":"publish","type":"page","link":"https:\/\/coloradopropertyfinders.com\/es\/the-ez-swap-method\/","title":{"rendered":"M\u00e9todo EZ Swap"},"content":{"rendered":"<p class=\"\"><\/p>\n\n\n\n<div class=\"nfd-container nfd-p-md  nfd-wb-gallery__gallery-11 is-style-nfd-theme-light wp-block-group has-background nfd-divider-arrow is-nowrap is-layout-flex wp-container-core-group-is-layout-6c531013 wp-block-group-is-layout-flex\" style=\"background-color:#1c3a53\">\n<div class=\"nfd-rounded-lg nfd-overflow-hidden is-style-nfd-theme-white wp-block-group is-layout-constrained wp-block-group-is-layout-constrained\" style=\"border-width:1px\">\n<div class=\"wp-block-columns is-layout-flex wp-container-core-columns-is-layout-28232c24 wp-block-columns-is-layout-flex\">\n<div class=\"md:nfd-order-2 nfd-p-card-square-lg nfd-text-balance wp-block-column is-vertically-aligned-center is-layout-flow wp-container-core-column-is-layout-8eebadab wp-block-column-is-layout-flow\">\n<div class=\"wp-block-uagb-advanced-heading uagb-block-4727e9f7\"><h2 class=\"uagb-heading-text\"><strong>Descarga el \"M\u00e9todo EZ Swap\" ahora<\/strong><\/h2><\/div>\n\n\n\n<p class=\"\">\u00bfEst\u00e1s pensando en dar el siguiente paso? El M\u00e9todo EZ Swap te muestra c\u00f3mo funciona realmente vender y comprar al mismo tiempo en Colorado.<\/p>\n\n\n\n<h4 class=\"nfd-text-md nfd-text-balance nfd-text-faded wp-block-heading\">Esta gu\u00eda es para ti si:<\/h4>\n\n\n\n<div class=\"nfd-text-faded wp-block-group is-content-justification-left is-layout-constrained wp-container-core-group-is-layout-7526a028 wp-block-group-is-layout-constrained\">\n<p class=\"\">\u2714\ufe0f Sientes que ya es momento de cambiar de casa<\/p>\n\n\n\n<p class=\"\">\u2714\ufe0f No sabes c\u00f3mo vender y comprar al mismo tiempo sin que se complique todo<\/p>\n\n\n\n<p class=\"\">\u2714\ufe0f No tienes tiempo para improvisar y ver qu\u00e9 hacer<\/p>\n\n\n\n<p class=\"\">\u2714\ufe0f Quieres un plan claro antes de dar el paso<\/p>\n<\/div>\n\n\n\n<h4 class=\"nfd-text-md nfd-text-balance nfd-text-faded wp-block-heading\">Si quieres entender bien c\u00f3mo funciona el proceso:<br>Deja tus datos abajo y recibe la gu\u00eda al instante.<\/h4>\n<\/div>\n\n\n\n<div class=\"wp-block-column is-vertically-aligned-center is-layout-flow wp-container-core-column-is-layout-8a368f38 wp-block-column-is-layout-flow\" style=\"flex-basis:50%\">\n<div class=\"wp-block-group is-layout-constrained wp-block-group-is-layout-constrained\">\n<figure class=\"wp-block-image size-large\"><img fetchpriority=\"high\" decoding=\"async\" width=\"1080\" height=\"1080\" src=\"https:\/\/i0.wp.com\/coloradopropertyfinders.com\/wp-content\/uploads\/2026\/02\/EZ-square-clear.png?fit=1024%2C1024&amp;ssl=1\" alt=\"\" class=\"wp-image-3310\" style=\"object-fit:cover\" srcset=\"https:\/\/i0.wp.com\/coloradopropertyfinders.com\/wp-content\/uploads\/2026\/02\/EZ-square-clear.png?w=1080&amp;ssl=1 1080w, https:\/\/i0.wp.com\/coloradopropertyfinders.com\/wp-content\/uploads\/2026\/02\/EZ-square-clear.png?resize=300%2C300&amp;ssl=1 300w, https:\/\/i0.wp.com\/coloradopropertyfinders.com\/wp-content\/uploads\/2026\/02\/EZ-square-clear.png?resize=1024%2C1024&amp;ssl=1 1024w, https:\/\/i0.wp.com\/coloradopropertyfinders.com\/wp-content\/uploads\/2026\/02\/EZ-square-clear.png?resize=150%2C150&amp;ssl=1 150w, https:\/\/i0.wp.com\/coloradopropertyfinders.com\/wp-content\/uploads\/2026\/02\/EZ-square-clear.png?resize=768%2C768&amp;ssl=1 768w, https:\/\/i0.wp.com\/coloradopropertyfinders.com\/wp-content\/uploads\/2026\/02\/EZ-square-clear.png?resize=12%2C12&amp;ssl=1 12w\" sizes=\"(max-width: 1000px) 100vw, 1000px\" \/><\/figure>\n<\/div>\n<\/div>\n<\/div>\n<\/div>\n<\/div>\n\n\n\n<div class=\"nfd-container nfd-p-lg  nfd-wb-headings__heading-17 is-style-nfd-theme-light wp-block-group nfd-bg-effect-dots is-layout-constrained wp-container-core-group-is-layout-6141fbbf wp-block-group-is-layout-constrained\">\n<div class=\"wp-block-uagb-container uagb-block-5ffc852d alignfull uagb-is-root-container\"><div class=\"uagb-container-inner-blocks-wrap\"><p><iframe\n    src=\"https:\/\/links.coloradopropertyfinders.com\/widget\/form\/lAM8NWEzuHBiane0jlSA\"\n    style=\"width:100%;height:100%;border:none;border-radius:3px\"\n    id=\"inline-lAM8NWEzuHBiane0jlSA\" \n    data-layout=\"{'id':'INLINE'}\"\n    data-trigger-type=\"alwaysShow\"\n    data-trigger-value=\"\"\n    data-activation-type=\"alwaysActivated\"\n    data-activation-value=\"\"\n    data-deactivation-type=\"neverDeactivate\"\n    data-deactivation-value=\"\"\n    data-form-name=\"Opt in Web Form\"\n    data-height=\"793\"\n    data-layout-iframe-id=\"inline-lAM8NWEzuHBiane0jlSA\"\n    data-form-id=\"lAM8NWEzuHBiane0jlSA\"\n    title=\"Opt in Web Form\"\n        ><br \/>\n<\/iframe><br \/>\n<script src=\"https:\/\/links.coloradopropertyfinders.com\/js\/form_embed.js\"><\/script><\/div>\n<\/div><\/div>\n<\/div>\n\n\n\n<p class=\"\"><\/p>","protected":false},"excerpt":{"rendered":"<p>Get &#8220;The EZ Swap Method&#8221; Now Thinking about upgrading? The EZ Swap Method walks you through what selling and buying [&hellip;]<\/p>\n","protected":false},"author":1,"featured_media":0,"parent":0,"menu_order":0,"comment_status":"closed","ping_status":"closed","template":"","meta":{"nf_dc_page":"","_uag_custom_page_level_css":"","site-sidebar-layout":"default","site-content-layout":"","ast-site-content-layout":"default","site-content-style":"default","site-sidebar-style":"default","ast-global-header-display":"","ast-banner-title-visibility":"","ast-main-header-display":"","ast-hfb-above-header-display":"","ast-hfb-below-header-display":"","ast-hfb-mobile-header-display":"","site-post-title":"disabled","ast-breadcrumbs-content":"","ast-featured-img":"","footer-sml-layout":"","ast-disable-related-posts":"","theme-transparent-header-meta":"","adv-header-id-meta":"","stick-header-meta":"","header-above-stick-meta":"","header-main-stick-meta":"","header-below-stick-meta":"","astra-migrate-meta-layouts":"set","ast-page-background-enabled":"default","ast-page-background-meta":{"desktop":{"background-color":"var(--ast-global-color-4)","background-image":"","background-repeat":"repeat","background-position":"center center","background-size":"auto","background-attachment":"scroll","background-type":"","background-media":"","overlay-type":"","overlay-color":"","overlay-opacity":"","overlay-gradient":""},"tablet":{"background-color":"","background-image":"","background-repeat":"repeat","background-position":"center center","background-size":"auto","background-attachment":"scroll","background-type":"","background-media":"","overlay-type":"","overlay-color":"","overlay-opacity":"","overlay-gradient":""},"mobile":{"background-color":"","background-image":"","background-repeat":"repeat","background-position":"center center","background-size":"auto","background-attachment":"scroll","background-type":"","background-media":"","overlay-type":"","overlay-color":"","overlay-opacity":"","overlay-gradient":""}},"ast-content-background-meta":{"desktop":{"background-color":"var(--ast-global-color-5)","background-image":"","background-repeat":"repeat","background-position":"center center","background-size":"auto","background-attachment":"scroll","background-type":"","background-media":"","overlay-type":"","overlay-color":"","overlay-opacity":"","overlay-gradient":""},"tablet":{"background-color":"var(--ast-global-color-5)","background-image":"","background-repeat":"repeat","background-position":"center center","background-size":"auto","background-attachment":"scroll","background-type":"","background-media":"","overlay-type":"","overlay-color":"","overlay-opacity":"","overlay-gradient":""},"mobile":{"background-color":"var(--ast-global-color-5)","background-image":"","background-repeat":"repeat","background-position":"center center","background-size":"auto","background-attachment":"scroll","background-type":"","background-media":"","overlay-type":"","overlay-color":"","overlay-opacity":"","overlay-gradient":""}},"_mbp_gutenberg_autopost":false,"jetpack_post_was_ever_published":false,"footnotes":""},"class_list":["post-3099","page","type-page","status-publish","hentry"],"yoast_head":"<!-- This site is optimized with the Yoast SEO plugin v27.4 - https:\/\/yoast.com\/product\/yoast-seo-wordpress\/ -->\n<title>EZ Swap Method - Valeria Navoni<\/title>\n<meta name=\"robots\" content=\"index, follow, max-snippet:-1, max-image-preview:large, max-video-preview:-1\" \/>\n<link rel=\"canonical\" href=\"https:\/\/coloradopropertyfinders.com\/es\/the-ez-swap-method\/\" \/>\n<meta property=\"og:locale\" content=\"es_MX\" \/>\n<meta property=\"og:type\" content=\"article\" \/>\n<meta property=\"og:title\" content=\"EZ Swap Method - Valeria Navoni\" \/>\n<meta property=\"og:description\" content=\"Get &#8220;The EZ Swap Method&#8221; Now Thinking about upgrading? The EZ Swap Method walks you through what selling and buying [&hellip;]\" \/>\n<meta property=\"og:url\" content=\"https:\/\/coloradopropertyfinders.com\/es\/the-ez-swap-method\/\" \/>\n<meta property=\"og:site_name\" content=\"Valeria Navoni\" \/>\n<meta property=\"article:publisher\" content=\"https:\/\/www.facebook.com\/navonihomes\/\" \/>\n<meta property=\"article:modified_time\" content=\"2026-02-14T05:00:33+00:00\" \/>\n<meta property=\"og:image\" content=\"https:\/\/i0.wp.com\/coloradopropertyfinders.com\/wp-content\/uploads\/2026\/02\/EZ-square-clear.png?fit=1080%2C1080&ssl=1\" \/>\n\t<meta property=\"og:image:width\" content=\"1080\" \/>\n\t<meta property=\"og:image:height\" content=\"1080\" \/>\n\t<meta property=\"og:image:type\" content=\"image\/png\" \/>\n<meta name=\"twitter:card\" content=\"summary_large_image\" \/>\n<meta name=\"twitter:label1\" content=\"Tiempo de lectura\" \/>\n\t<meta name=\"twitter:data1\" content=\"1 minuto\" \/>\n<script type=\"application\/ld+json\" class=\"yoast-schema-graph\">{\"@context\":\"https:\\\/\\\/schema.org\",\"@graph\":[{\"@type\":\"WebPage\",\"@id\":\"https:\\\/\\\/coloradopropertyfinders.com\\\/the-ez-swap-method\\\/\",\"url\":\"https:\\\/\\\/coloradopropertyfinders.com\\\/the-ez-swap-method\\\/\",\"name\":\"EZ Swap Method - Valeria Navoni\",\"isPartOf\":{\"@id\":\"https:\\\/\\\/zqr.oqp.mybluehost.me\\\/website_14ab7cf1\\\/#website\"},\"primaryImageOfPage\":{\"@id\":\"https:\\\/\\\/coloradopropertyfinders.com\\\/the-ez-swap-method\\\/#primaryimage\"},\"image\":{\"@id\":\"https:\\\/\\\/coloradopropertyfinders.com\\\/the-ez-swap-method\\\/#primaryimage\"},\"thumbnailUrl\":\"https:\\\/\\\/i0.wp.com\\\/coloradopropertyfinders.com\\\/wp-content\\\/uploads\\\/2026\\\/02\\\/EZ-square-clear.png?fit=1024%2C1024&amp;ssl=1\",\"datePublished\":\"2025-08-05T03:17:07+00:00\",\"dateModified\":\"2026-02-14T05:00:33+00:00\",\"breadcrumb\":{\"@id\":\"https:\\\/\\\/coloradopropertyfinders.com\\\/the-ez-swap-method\\\/#breadcrumb\"},\"inLanguage\":\"es\",\"potentialAction\":[{\"@type\":\"ReadAction\",\"target\":[\"https:\\\/\\\/coloradopropertyfinders.com\\\/the-ez-swap-method\\\/\"]}]},{\"@type\":\"ImageObject\",\"inLanguage\":\"es\",\"@id\":\"https:\\\/\\\/coloradopropertyfinders.com\\\/the-ez-swap-method\\\/#primaryimage\",\"url\":\"https:\\\/\\\/i0.wp.com\\\/coloradopropertyfinders.com\\\/wp-content\\\/uploads\\\/2026\\\/02\\\/EZ-square-clear.png?fit=1024%2C1024&amp;ssl=1\",\"contentUrl\":\"https:\\\/\\\/i0.wp.com\\\/coloradopropertyfinders.com\\\/wp-content\\\/uploads\\\/2026\\\/02\\\/EZ-square-clear.png?fit=1024%2C1024&amp;ssl=1\"},{\"@type\":\"BreadcrumbList\",\"@id\":\"https:\\\/\\\/coloradopropertyfinders.com\\\/the-ez-swap-method\\\/#breadcrumb\",\"itemListElement\":[{\"@type\":\"ListItem\",\"position\":1,\"name\":\"Home\",\"item\":\"https:\\\/\\\/coloradopropertyfinders.com\\\/\"},{\"@type\":\"ListItem\",\"position\":2,\"name\":\"EZ Swap Method\"}]},{\"@type\":\"WebSite\",\"@id\":\"https:\\\/\\\/zqr.oqp.mybluehost.me\\\/website_14ab7cf1\\\/#website\",\"url\":\"https:\\\/\\\/zqr.oqp.mybluehost.me\\\/website_14ab7cf1\\\/\",\"name\":\"Valeria Navoni\",\"description\":\"\",\"publisher\":{\"@id\":\"https:\\\/\\\/zqr.oqp.mybluehost.me\\\/website_14ab7cf1\\\/#\\\/schema\\\/person\\\/3e41481a12255f26986cba19ea6fbb2c\"},\"potentialAction\":[{\"@type\":\"SearchAction\",\"target\":{\"@type\":\"EntryPoint\",\"urlTemplate\":\"https:\\\/\\\/zqr.oqp.mybluehost.me\\\/website_14ab7cf1\\\/?s={search_term_string}\"},\"query-input\":{\"@type\":\"PropertyValueSpecification\",\"valueRequired\":true,\"valueName\":\"search_term_string\"}}],\"inLanguage\":\"es\"},{\"@type\":[\"Person\",\"Organization\"],\"@id\":\"https:\\\/\\\/zqr.oqp.mybluehost.me\\\/website_14ab7cf1\\\/#\\\/schema\\\/person\\\/3e41481a12255f26986cba19ea6fbb2c\",\"name\":\"Valeria Navoni\",\"image\":{\"@type\":\"ImageObject\",\"inLanguage\":\"es\",\"@id\":\"https:\\\/\\\/i0.wp.com\\\/coloradopropertyfinders.com\\\/wp-content\\\/uploads\\\/2025\\\/12\\\/MEGASTAR-REALTY-ISOLOGO-scaled.png?fit=2560%2C1060&ssl=1\",\"url\":\"https:\\\/\\\/i0.wp.com\\\/coloradopropertyfinders.com\\\/wp-content\\\/uploads\\\/2025\\\/12\\\/MEGASTAR-REALTY-ISOLOGO-scaled.png?fit=2560%2C1060&ssl=1\",\"contentUrl\":\"https:\\\/\\\/i0.wp.com\\\/coloradopropertyfinders.com\\\/wp-content\\\/uploads\\\/2025\\\/12\\\/MEGASTAR-REALTY-ISOLOGO-scaled.png?fit=2560%2C1060&ssl=1\",\"width\":2560,\"height\":1060,\"caption\":\"Valeria Navoni\"},\"logo\":{\"@id\":\"https:\\\/\\\/i0.wp.com\\\/coloradopropertyfinders.com\\\/wp-content\\\/uploads\\\/2025\\\/12\\\/MEGASTAR-REALTY-ISOLOGO-scaled.png?fit=2560%2C1060&ssl=1\"},\"description\":\"Valeria Navoni is a bilingual Realtor\u00ae fluent in English and Spanish, serving the South Metro Denver, Denver, and Aurora areas. With a background in sales, marketing, and negotiation, Valeria is committed to helping her clients navigate the real estate process with ease and confidence. Her approach is personalized, focused on building long-term relationships and exceeding expectations. Whether buying, selling, or investing, Valeria is your trusted ally in achieving your real estate goals.\",\"sameAs\":[\"http:\\\/\\\/www.coloradopropertyfinders.com\",\"https:\\\/\\\/www.facebook.com\\\/navonihomes\\\/\",\"https:\\\/\\\/www.instagram.com\\\/valeria.navoni\",\"https:\\\/\\\/www.linkedin.com\\\/in\\\/valeria-navoni\\\/\",\"https:\\\/\\\/www.youtube.com\\\/channel\\\/UCl97QzVYQGR0JddizlqQZxQ\"]}]}<\/script>\n<!-- \/ Yoast SEO plugin. -->","yoast_head_json":{"title":"EZ Swap Method - Valeria Navoni","robots":{"index":"index","follow":"follow","max-snippet":"max-snippet:-1","max-image-preview":"max-image-preview:large","max-video-preview":"max-video-preview:-1"},"canonical":"https:\/\/coloradopropertyfinders.com\/es\/the-ez-swap-method\/","og_locale":"es_MX","og_type":"article","og_title":"EZ Swap Method - Valeria Navoni","og_description":"Get &#8220;The EZ Swap Method&#8221; Now Thinking about upgrading? The EZ Swap Method walks you through what selling and buying [&hellip;]","og_url":"https:\/\/coloradopropertyfinders.com\/es\/the-ez-swap-method\/","og_site_name":"Valeria Navoni","article_publisher":"https:\/\/www.facebook.com\/navonihomes\/","article_modified_time":"2026-02-14T05:00:33+00:00","og_image":[{"width":1080,"height":1080,"url":"https:\/\/i0.wp.com\/coloradopropertyfinders.com\/wp-content\/uploads\/2026\/02\/EZ-square-clear.png?fit=1080%2C1080&ssl=1","type":"image\/png"}],"twitter_card":"summary_large_image","twitter_misc":{"Tiempo de lectura":"1 minuto"},"schema":{"@context":"https:\/\/schema.org","@graph":[{"@type":"WebPage","@id":"https:\/\/coloradopropertyfinders.com\/the-ez-swap-method\/","url":"https:\/\/coloradopropertyfinders.com\/the-ez-swap-method\/","name":"EZ Swap Method - Valeria Navoni","isPartOf":{"@id":"https:\/\/zqr.oqp.mybluehost.me\/website_14ab7cf1\/#website"},"primaryImageOfPage":{"@id":"https:\/\/coloradopropertyfinders.com\/the-ez-swap-method\/#primaryimage"},"image":{"@id":"https:\/\/coloradopropertyfinders.com\/the-ez-swap-method\/#primaryimage"},"thumbnailUrl":"https:\/\/i0.wp.com\/coloradopropertyfinders.com\/wp-content\/uploads\/2026\/02\/EZ-square-clear.png?fit=1024%2C1024&amp;ssl=1","datePublished":"2025-08-05T03:17:07+00:00","dateModified":"2026-02-14T05:00:33+00:00","breadcrumb":{"@id":"https:\/\/coloradopropertyfinders.com\/the-ez-swap-method\/#breadcrumb"},"inLanguage":"es","potentialAction":[{"@type":"ReadAction","target":["https:\/\/coloradopropertyfinders.com\/the-ez-swap-method\/"]}]},{"@type":"ImageObject","inLanguage":"es","@id":"https:\/\/coloradopropertyfinders.com\/the-ez-swap-method\/#primaryimage","url":"https:\/\/i0.wp.com\/coloradopropertyfinders.com\/wp-content\/uploads\/2026\/02\/EZ-square-clear.png?fit=1024%2C1024&amp;ssl=1","contentUrl":"https:\/\/i0.wp.com\/coloradopropertyfinders.com\/wp-content\/uploads\/2026\/02\/EZ-square-clear.png?fit=1024%2C1024&amp;ssl=1"},{"@type":"BreadcrumbList","@id":"https:\/\/coloradopropertyfinders.com\/the-ez-swap-method\/#breadcrumb","itemListElement":[{"@type":"ListItem","position":1,"name":"Home","item":"https:\/\/coloradopropertyfinders.com\/"},{"@type":"ListItem","position":2,"name":"EZ Swap Method"}]},{"@type":"WebSite","@id":"https:\/\/zqr.oqp.mybluehost.me\/website_14ab7cf1\/#website","url":"https:\/\/zqr.oqp.mybluehost.me\/website_14ab7cf1\/","name":"Valeria Navoni","description":"","publisher":{"@id":"https:\/\/zqr.oqp.mybluehost.me\/website_14ab7cf1\/#\/schema\/person\/3e41481a12255f26986cba19ea6fbb2c"},"potentialAction":[{"@type":"SearchAction","target":{"@type":"EntryPoint","urlTemplate":"https:\/\/zqr.oqp.mybluehost.me\/website_14ab7cf1\/?s={search_term_string}"},"query-input":{"@type":"PropertyValueSpecification","valueRequired":true,"valueName":"search_term_string"}}],"inLanguage":"es"},{"@type":["Person","Organization"],"@id":"https:\/\/zqr.oqp.mybluehost.me\/website_14ab7cf1\/#\/schema\/person\/3e41481a12255f26986cba19ea6fbb2c","name":"Valeria Navoni","image":{"@type":"ImageObject","inLanguage":"es","@id":"https:\/\/i0.wp.com\/coloradopropertyfinders.com\/wp-content\/uploads\/2025\/12\/MEGASTAR-REALTY-ISOLOGO-scaled.png?fit=2560%2C1060&ssl=1","url":"https:\/\/i0.wp.com\/coloradopropertyfinders.com\/wp-content\/uploads\/2025\/12\/MEGASTAR-REALTY-ISOLOGO-scaled.png?fit=2560%2C1060&ssl=1","contentUrl":"https:\/\/i0.wp.com\/coloradopropertyfinders.com\/wp-content\/uploads\/2025\/12\/MEGASTAR-REALTY-ISOLOGO-scaled.png?fit=2560%2C1060&ssl=1","width":2560,"height":1060,"caption":"Valeria Navoni"},"logo":{"@id":"https:\/\/i0.wp.com\/coloradopropertyfinders.com\/wp-content\/uploads\/2025\/12\/MEGASTAR-REALTY-ISOLOGO-scaled.png?fit=2560%2C1060&ssl=1"},"description":"Valeria Navoni is a bilingual Realtor\u00ae fluent in English and Spanish, serving the South Metro Denver, Denver, and Aurora areas. With a background in sales, marketing, and negotiation, Valeria is committed to helping her clients navigate the real estate process with ease and confidence. Her approach is personalized, focused on building long-term relationships and exceeding expectations. Whether buying, selling, or investing, Valeria is your trusted ally in achieving your real estate goals.","sameAs":["http:\/\/www.coloradopropertyfinders.com","https:\/\/www.facebook.com\/navonihomes\/","https:\/\/www.instagram.com\/valeria.navoni","https:\/\/www.linkedin.com\/in\/valeria-navoni\/","https:\/\/www.youtube.com\/channel\/UCl97QzVYQGR0JddizlqQZxQ"]}]}},"uagb_featured_image_src":{"full":false,"thumbnail":false,"medium":false,"medium_large":false,"large":false,"1536x1536":false,"2048x2048":false,"trp-custom-language-flag":false,"pgmb-post-image":false},"uagb_author_info":{"display_name":"Valeria Navoni","author_link":"https:\/\/coloradopropertyfinders.com\/es\/author\/vnavoni\/"},"uagb_comment_info":0,"uagb_excerpt":"Get &#8220;The EZ Swap Method&#8221; Now Thinking about upgrading? The EZ Swap Method walks you through what selling and buying [&hellip;]","jetpack_sharing_enabled":true,"jetpack_likes_enabled":true,"_links":{"self":[{"href":"https:\/\/coloradopropertyfinders.com\/es\/wp-json\/wp\/v2\/pages\/3099","targetHints":{"allow":["GET"]}}],"collection":[{"href":"https:\/\/coloradopropertyfinders.com\/es\/wp-json\/wp\/v2\/pages"}],"about":[{"href":"https:\/\/coloradopropertyfinders.com\/es\/wp-json\/wp\/v2\/types\/page"}],"author":[{"embeddable":true,"href":"https:\/\/coloradopropertyfinders.com\/es\/wp-json\/wp\/v2\/users\/1"}],"replies":[{"embeddable":true,"href":"https:\/\/coloradopropertyfinders.com\/es\/wp-json\/wp\/v2\/comments?post=3099"}],"version-history":[{"count":13,"href":"https:\/\/coloradopropertyfinders.com\/es\/wp-json\/wp\/v2\/pages\/3099\/revisions"}],"predecessor-version":[{"id":3326,"href":"https:\/\/coloradopropertyfinders.com\/es\/wp-json\/wp\/v2\/pages\/3099\/revisions\/3326"}],"wp:attachment":[{"href":"https:\/\/coloradopropertyfinders.com\/es\/wp-json\/wp\/v2\/media?parent=3099"}],"curies":[{"name":"wp","href":"https:\/\/api.w.org\/{rel}","templated":true}]}}